{"id":676,"date":"2025-06-16T13:16:40","date_gmt":"2025-06-16T13:16:40","guid":{"rendered":"https:\/\/socialdigitalstudio.com\/?page_id=676"},"modified":"2026-03-28T14:16:43","modified_gmt":"2026-03-28T14:16:43","slug":"sponsorisation","status":"publish","type":"page","link":"https:\/\/socialdigitalstudio.com\/es_es\/sponsorisation\/","title":{"rendered":"Sponsorisation"},"content":{"rendered":"<div class=\"wp-block-uagb-container uagb-block-32eec907 alignfull uagb-is-root-container\"><div class=\"uagb-container-inner-blocks-wrap\">\n<div class=\"wp-block-uagb-container uagb-block-93d92395\">\n<figure class=\"wp-block-image size-large\"><img fetchpriority=\"high\" decoding=\"async\" width=\"819\" height=\"1024\" src=\"https:\/\/socialdigitalstudio.com\/wp-content\/uploads\/2026\/03\/Base-de-ideas-posts-instagram-Ana-1-819x1024.png\" alt=\"\" class=\"wp-image-1601\" srcset=\"https:\/\/socialdigitalstudio.com\/wp-content\/uploads\/2026\/03\/Base-de-ideas-posts-instagram-Ana-1-819x1024.png 819w, https:\/\/socialdigitalstudio.com\/wp-content\/uploads\/2026\/03\/Base-de-ideas-posts-instagram-Ana-1-240x300.png 240w, https:\/\/socialdigitalstudio.com\/wp-content\/uploads\/2026\/03\/Base-de-ideas-posts-instagram-Ana-1-768x960.png 768w, https:\/\/socialdigitalstudio.com\/wp-content\/uploads\/2026\/03\/Base-de-ideas-posts-instagram-Ana-1-10x12.png 10w, https:\/\/socialdigitalstudio.com\/wp-content\/uploads\/2026\/03\/Base-de-ideas-posts-instagram-Ana-1.png 1080w\" sizes=\"(max-width: 819px) 100vw, 819px\" \/><\/figure>\n<\/div>\n\n\n\n<div class=\"wp-block-uagb-container uagb-block-08cb668e\">\n<p class=\"has-medium-font-size\">&nbsp;Publicit\u00e9 sur les r\u00e9seaux sociaux : des campagnes efficaces pour votre business<\/p>\n\n\n\n<p>La publicit\u00e9 sur les r\u00e9seaux sociaux est un levier puissant pour&nbsp;<strong>am\u00e9liorer votre visibilit\u00e9&nbsp;<\/strong>et&nbsp;<strong>atteindre une audience qualifi\u00e9e<\/strong>.<\/p>\n\n\n\n<p>Qu\u2019il s\u2019agisse de Facebook, Instagram ou LinkedIn, les campagnes publicitaires sont essentielles pour atteindre vos objectifs marketing et booster votre business.<\/p>\n\n\n\n<p>\u200bEn tant que Community Manager, je vous accompagne dans la\u00a0<strong>cr\u00e9ation et le suivi de campagnes publicitaires<\/strong>\u00a0sur les r\u00e9seaux sociaux pour garantir des r\u00e9sultats concrets : plus de visibilit\u00e9, plus d&rsquo;engagement et plus de clients. Vous fixez votre budget et vos objectifs, je m&rsquo;occupe du reste !<\/p>\n<\/div>\n<\/div><\/div>\n\n\n\n<p><\/p>\n\n\n\n<p><\/p>\n\n\n\n<div class=\"wp-block-uagb-container uagb-block-f76755c2 alignfull uagb-is-root-container\"><div class=\"uagb-container-inner-blocks-wrap\">\n<div class=\"wp-block-uagb-container uagb-block-cd9e300f\">\n<figure class=\"wp-block-image size-large\"><img decoding=\"async\" width=\"819\" height=\"1024\" src=\"https:\/\/socialdigitalstudio.com\/wp-content\/uploads\/2026\/03\/8-819x1024.png\" alt=\"\" class=\"wp-image-1603\" srcset=\"https:\/\/socialdigitalstudio.com\/wp-content\/uploads\/2026\/03\/8-819x1024.png 819w, https:\/\/socialdigitalstudio.com\/wp-content\/uploads\/2026\/03\/8-240x300.png 240w, https:\/\/socialdigitalstudio.com\/wp-content\/uploads\/2026\/03\/8-768x960.png 768w, https:\/\/socialdigitalstudio.com\/wp-content\/uploads\/2026\/03\/8-10x12.png 10w, https:\/\/socialdigitalstudio.com\/wp-content\/uploads\/2026\/03\/8.png 1080w\" sizes=\"(max-width: 819px) 100vw, 819px\" \/><\/figure>\n<\/div>\n\n\n\n<div class=\"wp-block-uagb-container uagb-block-9218b03c\">\n<h2 class=\"wp-block-heading\">Pourquoi la publicit\u00e9 sur les r\u00e9seaux sociaux est-elle int\u00e9ressante pour votre entreprise ?<\/h2>\n\n\n\n<p>Une campagne publicitaire sur les r\u00e9seaux sociaux bien men\u00e9e permet de :<\/p>\n\n\n\n<ul class=\"wp-block-list\">\n<li>Cibler pr\u00e9cis\u00e9ment votre audience : gr\u00e2ce \u00e0 un ciblage publicitaire avanc\u00e9, atteignez les personnes qui correspondent \u00e0 vos besoins et \u00e0 vos attentes.<\/li>\n\n\n\n<li>Augmenter votre visibilit\u00e9 : une publicit\u00e9 payante vous aide \u00e0 vous d\u00e9marquer parmi la concurrence et \u00e0 vous faire conna\u00eetre plus rapidement.<\/li>\n\n\n\n<li>Booster l\u2019engagement : cr\u00e9ez des annonces percutantes et engageantes pour inciter votre communaut\u00e9 \u00e0 interagir.<\/li>\n\n\n\n<li>Optimiser votre budget : vous d\u00e9finissez le budget de votre campagne et je m&rsquo;occupe de l&rsquo;optimisation pour obtenir les meilleurs r\u00e9sultats au meilleur co\u00fbt.<\/li>\n<\/ul>\n\n\n\n<p>\u200b\u200bObjectif : g\u00e9n\u00e9rer des conversions et maximiser l&rsquo;impact de vos campagnes publicitaires sur les r\u00e9seaux sociaux.<\/p>\n<\/div>\n<\/div><\/div>\n\n\n\n<p><\/p>\n\n\n\n<p><\/p>\n\n\n\n<div class=\"wp-block-uagb-container uagb-block-0015a623 alignfull uagb-is-root-container\"><div class=\"uagb-container-inner-blocks-wrap\">\n<div class=\"wp-block-uagb-container uagb-block-b71666ea\">\n<figure class=\"wp-block-image size-large\"><img decoding=\"async\" width=\"819\" height=\"1024\" src=\"https:\/\/socialdigitalstudio.com\/wp-content\/uploads\/2026\/03\/7-819x1024.png\" alt=\"\" class=\"wp-image-1604\" srcset=\"https:\/\/socialdigitalstudio.com\/wp-content\/uploads\/2026\/03\/7-819x1024.png 819w, https:\/\/socialdigitalstudio.com\/wp-content\/uploads\/2026\/03\/7-240x300.png 240w, https:\/\/socialdigitalstudio.com\/wp-content\/uploads\/2026\/03\/7-768x960.png 768w, https:\/\/socialdigitalstudio.com\/wp-content\/uploads\/2026\/03\/7-10x12.png 10w, https:\/\/socialdigitalstudio.com\/wp-content\/uploads\/2026\/03\/7.png 1080w\" sizes=\"(max-width: 819px) 100vw, 819px\" \/><\/figure>\n<\/div>\n\n\n\n<div class=\"wp-block-uagb-container uagb-block-49c4a395\">\n<h2 class=\"wp-block-heading\"> Pourquoi faire appel \u00e0 un professionnel pour vos campagnes publicitaires ?<\/h2>\n\n\n\n<p><strong>Gain de temps<\/strong>&nbsp;: confiez la gestion de vos campagnes publicitaires \u00e0 un expert et concentrez-vous sur votre c\u0153ur de m\u00e9tier.<\/p>\n\n\n\n<p><strong>Optimisation des r\u00e9sultats<\/strong>&nbsp;: gr\u00e2ce \u00e0 une expertise dans le ciblage publicitaire, je vous aide \u00e0 atteindre les bonnes personnes au bon moment.<\/p>\n\n\n\n<p><strong>Maximisation de votre visibilit\u00e9<\/strong>&nbsp;: vous b\u00e9n\u00e9ficiez de r\u00e9seaux sociaux payants pour toucher une audience qualifi\u00e9e.<\/p>\n\n\n\n<p><br><strong>Suivi des performances<\/strong>&nbsp;: vous obtenez des rapports d\u00e9taill\u00e9s pour ajuster vos campagnes et am\u00e9liorer les r\u00e9sultats en temps r\u00e9el.<\/p>\n\n\n\n<p>\u200bJe vous accompagne dans la gestion de vos publicit\u00e9s en ligne pour maximiser leur efficacit\u00e9 et obtenir des r\u00e9sultats tangibles.<\/p>\n<\/div>\n<\/div><\/div>\n\n\n\n<p><\/p>\n\n\n\n<p><\/p>\n\n\n\n<div class=\"wp-block-uagb-container uagb-block-bd344e51 alignfull uagb-is-root-container\"><div class=\"uagb-container-inner-blocks-wrap\">\n<div class=\"wp-block-uagb-container uagb-block-58c0d321\">\n<figure class=\"wp-block-image size-large\"><img loading=\"lazy\" decoding=\"async\" width=\"819\" height=\"1024\" src=\"https:\/\/socialdigitalstudio.com\/wp-content\/uploads\/2026\/03\/Base-de-ideas-posts-instagram-Ana-1-1-819x1024.png\" alt=\"\" class=\"wp-image-1605\" srcset=\"https:\/\/socialdigitalstudio.com\/wp-content\/uploads\/2026\/03\/Base-de-ideas-posts-instagram-Ana-1-1-819x1024.png 819w, https:\/\/socialdigitalstudio.com\/wp-content\/uploads\/2026\/03\/Base-de-ideas-posts-instagram-Ana-1-1-240x300.png 240w, https:\/\/socialdigitalstudio.com\/wp-content\/uploads\/2026\/03\/Base-de-ideas-posts-instagram-Ana-1-1-768x960.png 768w, https:\/\/socialdigitalstudio.com\/wp-content\/uploads\/2026\/03\/Base-de-ideas-posts-instagram-Ana-1-1-10x12.png 10w, https:\/\/socialdigitalstudio.com\/wp-content\/uploads\/2026\/03\/Base-de-ideas-posts-instagram-Ana-1-1.png 1080w\" sizes=\"(max-width: 819px) 100vw, 819px\" \/><\/figure>\n<\/div>\n\n\n\n<div class=\"wp-block-uagb-container uagb-block-38e03c9a\">\n<h2 class=\"wp-block-heading\">Mes services en publicit\u00e9 sur les r\u00e9seaux sociaux<\/h2>\n\n\n\n<p>Je vous propose un accompagnement complet pour cr\u00e9er des campagnes publicitaires efficaces sur les r\u00e9seaux sociaux :<\/p>\n\n\n\n<p>\ud83d\udccc Ciblage et d\u00e9finition des objectifs :<\/p>\n\n\n\n<ul class=\"wp-block-list\">\n<li>Identification des objectifs cl\u00e9s : notori\u00e9t\u00e9, g\u00e9n\u00e9ration de leads, trafic site web\u2026<\/li>\n\n\n\n<li>Mise en place d\u2019une strat\u00e9gie adapt\u00e9e \u00e0 votre budget et vos besoins.<\/li>\n<\/ul>\n\n\n\n<p>\u200b\u200b\ud83d\udccc Mise en place des campagnes :<\/p>\n\n\n\n<ul class=\"wp-block-list\">\n<li>Cr\u00e9ation des visuels et messages percutants.<\/li>\n\n\n\n<li>Param\u00e9trage des annonces sur les plateformes adapt\u00e9es (Facebook, Instagram, etc.).<\/li>\n<\/ul>\n\n\n\n<p>\u200b\u200b\ud83d\udccc Suivi et analyse des r\u00e9sultats :<\/p>\n\n\n\n<ul class=\"wp-block-list\">\n<li>Suivi quotidien des performances des campagnes.<\/li>\n\n\n\n<li>Ajustement en temps r\u00e9el pour maximiser les r\u00e9sultats.<\/li>\n\n\n\n<li>Reporting d\u00e9taill\u00e9 des performances.<\/li>\n<\/ul>\n\n\n\n<p>\u200b\u200bGr\u00e2ce \u00e0 une gestion professionnelle de vos campagnes publicitaires, vous pouvez atteindre vos objectifs marketing et augmenter significativement votre retour sur investissement (ROI).<\/p>\n<\/div>\n<\/div><\/div>","protected":false},"excerpt":{"rendered":"<p>&nbsp;Publicit\u00e9 sur les r\u00e9seaux sociaux : des campagnes efficaces pour votre business La publicit\u00e9 sur les r\u00e9seaux sociaux est un levier puissant pour&nbsp;am\u00e9liorer votre visibilit\u00e9&nbsp;et&nbsp;atteindre une audience qualifi\u00e9e. Qu\u2019il s\u2019agisse de Facebook, Instagram ou LinkedIn, les campagnes publicitaires sont essentielles pour atteindre vos objectifs marketing et booster votre business. \u200bEn tant que Community Manager, je [&hellip;]<\/p>","protected":false},"author":1,"featured_media":0,"parent":0,"menu_order":0,"comment_status":"closed","ping_status":"closed","template":"","meta":{"_uag_custom_page_level_css":"","site-sidebar-layout":"default","site-content-layout":"","ast-site-content-layout":"default","site-content-style":"default","site-sidebar-style":"default","ast-global-header-display":"","ast-banner-title-visibility":"","ast-main-header-display":"","ast-hfb-above-header-display":"","ast-hfb-below-header-display":"","ast-hfb-mobile-header-display":"","site-post-title":"","ast-breadcrumbs-content":"","ast-featured-img":"","footer-sml-layout":"","theme-transparent-header-meta":"","adv-header-id-meta":"","stick-header-meta":"","header-above-stick-meta":"","header-main-stick-meta":"","header-below-stick-meta":"","astra-migrate-meta-layouts":"set","ast-page-background-enabled":"default","ast-page-background-meta":{"desktop":{"background-color":"var(--ast-global-color-4)","background-image":"","background-repeat":"repeat","background-position":"center center","background-size":"auto","background-attachment":"scroll","background-type":"","background-media":"","overlay-type":"","overlay-color":"","overlay-opacity":"","overlay-gradient":""},"tablet":{"background-color":"","background-image":"","background-repeat":"repeat","background-position":"center center","background-size":"auto","background-attachment":"scroll","background-type":"","background-media":"","overlay-type":"","overlay-color":"","overlay-opacity":"","overlay-gradient":""},"mobile":{"background-color":"","background-image":"","background-repeat":"repeat","background-position":"center center","background-size":"auto","background-attachment":"scroll","background-type":"","background-media":"","overlay-type":"","overlay-color":"","overlay-opacity":"","overlay-gradient":""}},"ast-content-background-meta":{"desktop":{"background-color":"var(--ast-global-color-5)","background-image":"","background-repeat":"repeat","background-position":"center center","background-size":"auto","background-attachment":"scroll","background-type":"","background-media":"","overlay-type":"","overlay-color":"","overlay-opacity":"","overlay-gradient":""},"tablet":{"background-color":"var(--ast-global-color-5)","background-image":"","background-repeat":"repeat","background-position":"center center","background-size":"auto","background-attachment":"scroll","background-type":"","background-media":"","overlay-type":"","overlay-color":"","overlay-opacity":"","overlay-gradient":""},"mobile":{"background-color":"var(--ast-global-color-5)","background-image":"","background-repeat":"repeat","background-position":"center center","background-size":"auto","background-attachment":"scroll","background-type":"","background-media":"","overlay-type":"","overlay-color":"","overlay-opacity":"","overlay-gradient":""}},"footnotes":""},"class_list":["post-676","page","type-page","status-publish","hentry"],"aioseo_notices":[],"uagb_featured_image_src":{"full":false,"thumbnail":false,"medium":false,"medium_large":false,"large":false,"1536x1536":false,"2048x2048":false,"trp-custom-language-flag":false},"uagb_author_info":{"display_name":"anaipadillag@gmail.com","author_link":"https:\/\/socialdigitalstudio.com\/es_es\/author\/anaipadillaggmail-com\/"},"uagb_comment_info":0,"uagb_excerpt":"&nbsp;Publicit\u00e9 sur les r\u00e9seaux sociaux : des campagnes efficaces pour votre business La publicit\u00e9 sur les r\u00e9seaux sociaux est un levier puissant pour&nbsp;am\u00e9liorer votre visibilit\u00e9&nbsp;et&nbsp;atteindre une audience qualifi\u00e9e. Qu\u2019il s\u2019agisse de Facebook, Instagram ou LinkedIn, les campagnes publicitaires sont essentielles pour atteindre vos objectifs marketing et booster votre business. \u200bEn tant que Community Manager, je&hellip;","_links":{"self":[{"href":"https:\/\/socialdigitalstudio.com\/es_es\/wp-json\/wp\/v2\/pages\/676","targetHints":{"allow":["GET"]}}],"collection":[{"href":"https:\/\/socialdigitalstudio.com\/es_es\/wp-json\/wp\/v2\/pages"}],"about":[{"href":"https:\/\/socialdigitalstudio.com\/es_es\/wp-json\/wp\/v2\/types\/page"}],"author":[{"embeddable":true,"href":"https:\/\/socialdigitalstudio.com\/es_es\/wp-json\/wp\/v2\/users\/1"}],"replies":[{"embeddable":true,"href":"https:\/\/socialdigitalstudio.com\/es_es\/wp-json\/wp\/v2\/comments?post=676"}],"version-history":[{"count":4,"href":"https:\/\/socialdigitalstudio.com\/es_es\/wp-json\/wp\/v2\/pages\/676\/revisions"}],"predecessor-version":[{"id":1612,"href":"https:\/\/socialdigitalstudio.com\/es_es\/wp-json\/wp\/v2\/pages\/676\/revisions\/1612"}],"wp:attachment":[{"href":"https:\/\/socialdigitalstudio.com\/es_es\/wp-json\/wp\/v2\/media?parent=676"}],"curies":[{"name":"wp","href":"https:\/\/api.w.org\/{rel}","templated":true}]}}