{"id":671,"date":"2025-06-16T13:13:50","date_gmt":"2025-06-16T13:13:50","guid":{"rendered":"https:\/\/socialdigitalstudio.com\/?page_id=671"},"modified":"2025-09-15T09:46:46","modified_gmt":"2025-09-15T09:46:46","slug":"animation-de-communaute","status":"publish","type":"page","link":"https:\/\/socialdigitalstudio.com\/es_es\/animation-de-communaute\/","title":{"rendered":"Animation de communaut\u00e9"},"content":{"rendered":"<div class=\"wp-block-uagb-container uagb-block-6f4e3658 alignfull uagb-is-root-container\"><div class=\"uagb-container-inner-blocks-wrap\">\n<div class=\"wp-block-uagb-container uagb-block-5131e66b\">\n<div class=\"wp-block-uagb-image uagb-block-188aba17 wp-block-uagb-image--layout-default wp-block-uagb-image--effect-static wp-block-uagb-image--align-none\"><figure class=\"wp-block-uagb-image__figure\"><a class=\"\" href=\"https:\/\/socialdigitalstudio.com\/es_es\/\" target=\"\" rel=\"noopener\"><img loading=\"lazy\" decoding=\"async\" srcset=\"https:\/\/socialdigitalstudio.com\/wp-content\/uploads\/2025\/06\/Logo-par-a-cursor-web_fondo-transparente.webp ,https:\/\/socialdigitalstudio.com\/wp-content\/uploads\/2025\/06\/Logo-par-a-cursor-web_fondo-transparente.webp 780w, https:\/\/socialdigitalstudio.com\/wp-content\/uploads\/2025\/06\/Logo-par-a-cursor-web_fondo-transparente.webp 360w\" sizes=\"auto, (max-width: 480px) 150px\" src=\"https:\/\/socialdigitalstudio.com\/wp-content\/uploads\/2025\/06\/Logo-par-a-cursor-web_fondo-transparente.webp\" alt=\"\" class=\"uag-image-886\" width=\"500\" height=\"500\" title=\"Logo par a cursor web_fondo transparente\" role=\"img\"\/><\/a><\/figure><\/div>\n<\/div>\n\n\n\n<div class=\"wp-block-uagb-container uagb-block-1d3e9522\">\n<h3 class=\"wp-block-heading has-ast-global-color-1-color has-text-color has-link-color wp-elements-d6eff0dc1e90f6fabfa5767db3c84daf\"><strong>Le bon message, aux bonnes personnes, au&nbsp;bon&nbsp;moment<\/strong><\/h3>\n\n\n\n<h4 class=\"wp-block-heading\"><strong>Animation des r\u00e9seaux sociaux : boostez l\u2019engagement de votre communaut\u00e9<\/strong><\/h4>\n\n\n\n<p>L&rsquo;animation des r\u00e9seaux sociaux est essentielle pour&nbsp;<strong>transformer vos abonn\u00e9s en clients fid\u00e8les<\/strong>.<\/p>\n\n\n\n<p>Il ne suffit pas de publier du contenu, il faut savoir&nbsp;<strong>interagir, engager et maintenir un lien authentique&nbsp;<\/strong>avec votre audience.<\/p>\n\n\n\n<p>\u200bEn tant que Community Manager, je vous accompagne dans la gestion de vos r\u00e9seaux sociaux pour&nbsp;<strong>d\u00e9velopper votre visibilit\u00e9 et renforcer l&rsquo;engagement sur vos r\u00e9seaux sociaux<\/strong>.<\/p>\n<\/div>\n<\/div><\/div>\n\n\n\n<div class=\"wp-block-columns is-layout-flex wp-container-core-columns-is-layout-28f84493 wp-block-columns-is-layout-flex\">\n<div class=\"wp-block-column is-layout-flow wp-block-column-is-layout-flow\" style=\"flex-basis:33.33%\">\n<div class=\"wp-block-uagb-image uagb-block-8412528c wp-block-uagb-image--layout-default wp-block-uagb-image--effect-static wp-block-uagb-image--align-none\"><figure class=\"wp-block-uagb-image__figure\"><a class=\"\" href=\"https:\/\/socialdigitalstudio.com\/es_es\/\" target=\"\" rel=\"noopener\"><img loading=\"lazy\" decoding=\"async\" srcset=\"https:\/\/socialdigitalstudio.com\/wp-content\/uploads\/2025\/06\/Logo-para-cursor-web-amarillo_fondo-transparente.webp ,https:\/\/socialdigitalstudio.com\/wp-content\/uploads\/2025\/06\/Logo-para-cursor-web-amarillo_fondo-transparente.webp 780w, https:\/\/socialdigitalstudio.com\/wp-content\/uploads\/2025\/06\/Logo-para-cursor-web-amarillo_fondo-transparente.webp 360w\" sizes=\"auto, (max-width: 480px) 150px\" src=\"https:\/\/socialdigitalstudio.com\/wp-content\/uploads\/2025\/06\/Logo-para-cursor-web-amarillo_fondo-transparente.webp\" alt=\"\" class=\"uag-image-887\" width=\"500\" height=\"500\" title=\"Logo para cursor web amarillo_fondo transparente\" role=\"img\"\/><\/a><\/figure><\/div>\n<\/div>\n\n\n\n<div class=\"wp-block-column is-layout-flow wp-block-column-is-layout-flow\" style=\"flex-basis:66.66%\">\n<h3 class=\"wp-block-heading has-ast-global-color-1-color has-text-color has-link-color wp-elements-f39983e29b23d0767ad87b841763ec88\"><strong>Pourquoi l\u2019animation des r\u00e9seaux sociaux est-elle cruciale ?<\/strong><\/h3>\n\n\n\n<p class=\"has-medium-font-size\"><strong>Une&nbsp;animation efficace des r\u00e9seaux sociaux&nbsp;repose sur plusieurs \u00e9l\u00e9ments-cl\u00e9s :<\/strong><\/p>\n\n\n\n<p>\u200b<strong>Am\u00e9liorer l\u2019engagement&nbsp;<\/strong>sur les r\u00e9seaux sociaux : r\u00e9pondre aux commentaires, messages et interagir avec vos abonn\u00e9s.<\/p>\n\n\n\n<ul class=\"wp-block-list\">\n<li><strong>Optimiser la visibilit\u00e9 de votre marque<\/strong>&nbsp;: une gestion r\u00e9guli\u00e8re permet de maintenir une forte pr\u00e9sence en ligne.<\/li>\n\n\n\n<li>Cr\u00e9er une&nbsp;<strong>strat\u00e9gie coh\u00e9rente<\/strong>&nbsp;: planifier vos contenus et actions pour maximiser l&rsquo;impact.<\/li>\n\n\n\n<li><strong>Fid\u00e9liser votre audience<\/strong>&nbsp;: transformer vos abonn\u00e9s en ambassadeurs gr\u00e2ce \u00e0 une communication cibl\u00e9e.<\/li>\n<\/ul>\n\n\n\n<div class=\"wp-block-buttons is-content-justification-center is-layout-flex wp-container-core-buttons-is-layout-a89b3969 wp-block-buttons-is-layout-flex\">\n<div class=\"wp-block-button\"><a class=\"wp-block-button__link wp-element-button\" href=\"https:\/\/socialdigitalstudio.com\/es_es\/contact\/\"><strong>CONTACTEZ-MOI<\/strong><\/a><\/div>\n<\/div>\n<\/div>\n<\/div>\n\n\n\n<p><\/p>\n\n\n\n<p><\/p>","protected":false},"excerpt":{"rendered":"<p>Le bon message, aux bonnes personnes, au&nbsp;bon&nbsp;moment Animation des r\u00e9seaux sociaux : boostez l\u2019engagement de votre communaut\u00e9 L&rsquo;animation des r\u00e9seaux sociaux est essentielle pour&nbsp;transformer vos abonn\u00e9s en clients fid\u00e8les. Il ne suffit pas de publier du contenu, il faut savoir&nbsp;interagir, engager et maintenir un lien authentique&nbsp;avec votre audience. \u200bEn tant que Community Manager, je vous [&hellip;]<\/p>","protected":false},"author":1,"featured_media":0,"parent":0,"menu_order":0,"comment_status":"closed","ping_status":"closed","template":"","meta":{"_uag_custom_page_level_css":"","site-sidebar-layout":"default","site-content-layout":"","ast-site-content-layout":"default","site-content-style":"default","site-sidebar-style":"default","ast-global-header-display":"","ast-banner-title-visibility":"","ast-main-header-display":"","ast-hfb-above-header-display":"","ast-hfb-below-header-display":"","ast-hfb-mobile-header-display":"","site-post-title":"","ast-breadcrumbs-content":"","ast-featured-img":"","footer-sml-layout":"","theme-transparent-header-meta":"","adv-header-id-meta":"","stick-header-meta":"","header-above-stick-meta":"","header-main-stick-meta":"","header-below-stick-meta":"","astra-migrate-meta-layouts":"set","ast-page-background-enabled":"default","ast-page-background-meta":{"desktop":{"background-color":"var(--ast-global-color-4)","background-image":"","background-repeat":"repeat","background-position":"center center","background-size":"auto","background-attachment":"scroll","background-type":"","background-media":"","overlay-type":"","overlay-color":"","overlay-opacity":"","overlay-gradient":""},"tablet":{"background-color":"","background-image":"","background-repeat":"repeat","background-position":"center center","background-size":"auto","background-attachment":"scroll","background-type":"","background-media":"","overlay-type":"","overlay-color":"","overlay-opacity":"","overlay-gradient":""},"mobile":{"background-color":"","background-image":"","background-repeat":"repeat","background-position":"center center","background-size":"auto","background-attachment":"scroll","background-type":"","background-media":"","overlay-type":"","overlay-color":"","overlay-opacity":"","overlay-gradient":""}},"ast-content-background-meta":{"desktop":{"background-color":"var(--ast-global-color-5)","background-image":"","background-repeat":"repeat","background-position":"center center","background-size":"auto","background-attachment":"scroll","background-type":"","background-media":"","overlay-type":"","overlay-color":"","overlay-opacity":"","overlay-gradient":""},"tablet":{"background-color":"var(--ast-global-color-5)","background-image":"","background-repeat":"repeat","background-position":"center center","background-size":"auto","background-attachment":"scroll","background-type":"","background-media":"","overlay-type":"","overlay-color":"","overlay-opacity":"","overlay-gradient":""},"mobile":{"background-color":"var(--ast-global-color-5)","background-image":"","background-repeat":"repeat","background-position":"center center","background-size":"auto","background-attachment":"scroll","background-type":"","background-media":"","overlay-type":"","overlay-color":"","overlay-opacity":"","overlay-gradient":""}},"footnotes":""},"class_list":["post-671","page","type-page","status-publish","hentry"],"aioseo_notices":[],"uagb_featured_image_src":{"full":false,"thumbnail":false,"medium":false,"medium_large":false,"large":false,"1536x1536":false,"2048x2048":false,"trp-custom-language-flag":false},"uagb_author_info":{"display_name":"anaipadillag@gmail.com","author_link":"https:\/\/socialdigitalstudio.com\/es_es\/author\/anaipadillaggmail-com\/"},"uagb_comment_info":0,"uagb_excerpt":"Le bon message, aux bonnes personnes, au&nbsp;bon&nbsp;moment Animation des r\u00e9seaux sociaux : boostez l\u2019engagement de votre communaut\u00e9 L&rsquo;animation des r\u00e9seaux sociaux est essentielle pour&nbsp;transformer vos abonn\u00e9s en clients fid\u00e8les. Il ne suffit pas de publier du contenu, il faut savoir&nbsp;interagir, engager et maintenir un lien authentique&nbsp;avec votre audience. \u200bEn tant que Community Manager, je vous&hellip;","_links":{"self":[{"href":"https:\/\/socialdigitalstudio.com\/es_es\/wp-json\/wp\/v2\/pages\/671","targetHints":{"allow":["GET"]}}],"collection":[{"href":"https:\/\/socialdigitalstudio.com\/es_es\/wp-json\/wp\/v2\/pages"}],"about":[{"href":"https:\/\/socialdigitalstudio.com\/es_es\/wp-json\/wp\/v2\/types\/page"}],"author":[{"embeddable":true,"href":"https:\/\/socialdigitalstudio.com\/es_es\/wp-json\/wp\/v2\/users\/1"}],"replies":[{"embeddable":true,"href":"https:\/\/socialdigitalstudio.com\/es_es\/wp-json\/wp\/v2\/comments?post=671"}],"version-history":[{"count":14,"href":"https:\/\/socialdigitalstudio.com\/es_es\/wp-json\/wp\/v2\/pages\/671\/revisions"}],"predecessor-version":[{"id":1167,"href":"https:\/\/socialdigitalstudio.com\/es_es\/wp-json\/wp\/v2\/pages\/671\/revisions\/1167"}],"wp:attachment":[{"href":"https:\/\/socialdigitalstudio.com\/es_es\/wp-json\/wp\/v2\/media?parent=671"}],"curies":[{"name":"wp","href":"https:\/\/api.w.org\/{rel}","templated":true}]}}