{"id":666,"date":"2025-06-16T13:09:20","date_gmt":"2025-06-16T13:09:20","guid":{"rendered":"https:\/\/socialdigitalstudio.com\/?page_id=666"},"modified":"2025-09-15T09:46:12","modified_gmt":"2025-09-15T09:46:12","slug":"creation-de-contenu","status":"publish","type":"page","link":"https:\/\/socialdigitalstudio.com\/es_es\/creation-de-contenu\/","title":{"rendered":"Cr\u00e9ation de contenu"},"content":{"rendered":"<p><\/p>\n\n\n\n<div class=\"wp-block-uagb-container uagb-block-924f3151 alignfull uagb-is-root-container\"><div class=\"uagb-container-inner-blocks-wrap\">\n<div class=\"wp-block-uagb-container uagb-block-439c561d\">\n<div class=\"wp-block-uagb-image uagb-block-b44b93d9 wp-block-uagb-image--layout-default wp-block-uagb-image--effect-static wp-block-uagb-image--align-none\"><figure class=\"wp-block-uagb-image__figure\"><img loading=\"lazy\" decoding=\"async\" srcset=\"https:\/\/socialdigitalstudio.com\/wp-content\/uploads\/2025\/06\/ofi_01-1024x683.webp ,https:\/\/socialdigitalstudio.com\/wp-content\/uploads\/2025\/06\/ofi_01-scaled.webp 780w, https:\/\/socialdigitalstudio.com\/wp-content\/uploads\/2025\/06\/ofi_01-scaled.webp 360w\" sizes=\"auto, (max-width: 480px) 150px\" src=\"https:\/\/socialdigitalstudio.com\/wp-content\/uploads\/2025\/06\/ofi_01-1024x683.webp\" alt=\"\" class=\"uag-image-697\" width=\"1024\" height=\"683\" title=\"ofi_01\" role=\"img\"\/><\/figure><\/div>\n<\/div>\n\n\n\n<div class=\"wp-block-uagb-container uagb-block-a3fb2e0b\">\n<div class=\"wp-block-uagb-container uagb-block-79be0838\">\n<div class=\"wp-block-uagb-advanced-heading uagb-block-55d7e489\"><h3 class=\"uagb-heading-text\">Cr\u00e9ation de contenu<\/h3><\/div>\n<\/div>\n\n\n\n<h4 class=\"wp-block-heading has-ast-global-color-1-color has-text-color has-link-color wp-elements-c186455f8dec2403b856c653a149785a\">&nbsp; Attirez et engagez votre audience<\/h4>\n\n\n\n<p><strong>Aujourd\u2019hui, une&nbsp;strat\u00e9gie de contenu efficace&nbsp;est essentielle pour d\u00e9velopper votre visibilit\u00e9 et captiver votre audience.<\/strong><\/p>\n\n\n\n<p><strong>Que ce soit pour votre site web, votre blog ou vos r\u00e9seaux sociaux, chaque publication doit \u00eatre&nbsp;optimis\u00e9e, engageante et align\u00e9e avec votre image de marque.<\/strong><\/p>\n\n\n\n<p><strong>\u200bEn tant que Community Manager, je vous accompagne dans la&nbsp;cr\u00e9ation de contenu digital&nbsp;adapt\u00e9 \u00e0 vos besoins :&nbsp;r\u00e9daction web, cr\u00e9ation de visuels et strat\u00e9gie de contenu pour les r\u00e9seaux sociaux.<\/strong><\/p>\n\n\n\n<p class=\"has-medium-font-size\"><strong>Gagnez en visibilit\u00e9, optimisez votre r\u00e9f\u00e9rencement et boostez votre engagement !<\/strong><\/p>\n<\/div>\n<\/div><\/div>\n\n\n\n<p><\/p>\n\n\n\n<div class=\"wp-block-uagb-container uagb-block-ea20ddf0 alignfull uagb-is-root-container\"><div class=\"uagb-container-inner-blocks-wrap\">\n<div class=\"wp-block-uagb-container uagb-block-f88e37de\">\n<div class=\"wp-block-uagb-image uagb-block-e5bf945f wp-block-uagb-image--layout-default wp-block-uagb-image--effect-static wp-block-uagb-image--align-none\"><figure class=\"wp-block-uagb-image__figure\"><img loading=\"lazy\" decoding=\"async\" srcset=\"https:\/\/socialdigitalstudio.com\/wp-content\/uploads\/2025\/06\/5ofi_04-820x1024.jpg ,https:\/\/socialdigitalstudio.com\/wp-content\/uploads\/2025\/06\/5ofi_04-scaled.jpg 780w, https:\/\/socialdigitalstudio.com\/wp-content\/uploads\/2025\/06\/5ofi_04-scaled.jpg 360w\" sizes=\"auto, (max-width: 480px) 150px\" src=\"https:\/\/socialdigitalstudio.com\/wp-content\/uploads\/2025\/06\/5ofi_04-820x1024.jpg\" alt=\"\" class=\"uag-image-759\" width=\"820\" height=\"1024\" title=\"5ofi_04\" role=\"img\"\/><\/figure><\/div>\n<\/div>\n\n\n\n<div class=\"wp-block-uagb-container uagb-block-e8e62b77\">\n<h4 class=\"wp-block-heading has-ast-global-color-1-color has-text-color has-link-color wp-elements-60dab188e83385313e0fa68790b31978\">&nbsp;&nbsp; La puissance d\u2019une r\u00e9daction optimis\u00e9e pour les r\u00e9seaux sociaux<\/h4>\n\n\n\n<p><strong>Un bon&nbsp;contenu r\u00e9dactionnel&nbsp;doit \u00e0 la fois :<\/strong><\/p>\n\n\n\n<ul class=\"wp-block-list\">\n<li><strong>Refl\u00e9ter l\u2019identit\u00e9 de votre marque<\/strong><\/li>\n\n\n\n<li><strong>S\u00e9duire votre audience avec un ton adapt\u00e9<\/strong><\/li>\n\n\n\n<li><strong>Optimiser votre contenu pour vous d\u00e9marquer sur les r\u00e9seaux et augmenter votre port\u00e9e et votre engagement<\/strong><\/li>\n<\/ul>\n<\/div>\n\n\n\n<div class=\"wp-block-uagb-buttons uagb-buttons__outer-wrap uagb-btn__default-btn uagb-btn-tablet__default-btn uagb-btn-mobile__default-btn uagb-block-ac7896b8\"><div class=\"uagb-buttons__wrap uagb-buttons-layout-wrap\">\n<div class=\"wp-block-uagb-buttons-child uagb-buttons__outer-wrap uagb-block-14f5305f wp-block-button\"><div class=\"uagb-button__wrapper\"><a class=\"uagb-buttons-repeater wp-block-button__link\" aria-label=\"\" href=\"https:\/\/socialdigitalstudio.com\/es_es\/contact\/\" rel=\"follow noopener\" target=\"_self\" role=\"button\"><div class=\"uagb-button__link\">CONTACTEZ-MOI<\/div><\/a><\/div><\/div>\n<\/div><\/div>\n<\/div><\/div>\n\n\n\n<p><\/p>\n\n\n\n<p><\/p>\n\n\n\n<div class=\"wp-block-uagb-container uagb-block-94f19bb0 alignfull uagb-is-root-container\"><div class=\"uagb-container-inner-blocks-wrap\">\n<div class=\"wp-block-uagb-container uagb-block-236a8c99\">\n<div class=\"wp-block-uagb-image uagb-block-ab1d5f79 wp-block-uagb-image--layout-default wp-block-uagb-image--effect-static wp-block-uagb-image--align-none\"><figure class=\"wp-block-uagb-image__figure\"><img loading=\"lazy\" decoding=\"async\" srcset=\"https:\/\/socialdigitalstudio.com\/wp-content\/uploads\/2025\/06\/teclado_012-683x1024.jpg ,https:\/\/socialdigitalstudio.com\/wp-content\/uploads\/2025\/06\/teclado_012-scaled.jpg 780w, https:\/\/socialdigitalstudio.com\/wp-content\/uploads\/2025\/06\/teclado_012-scaled.jpg 360w\" sizes=\"auto, (max-width: 480px) 150px\" src=\"https:\/\/socialdigitalstudio.com\/wp-content\/uploads\/2025\/06\/teclado_012-683x1024.jpg\" alt=\"\" class=\"uag-image-760\" width=\"683\" height=\"1024\" title=\"teclado_012\" role=\"img\"\/><\/figure><\/div>\n<\/div>\n\n\n\n<div class=\"wp-block-uagb-container uagb-block-6beb65dd\">\n<div class=\"wp-block-uagb-advanced-heading uagb-block-fbbabceb\"><h4 class=\"uagb-heading-text\">Le pouvoir du visuel dans votre communication digitale<\/h4><\/div>\n\n\n\n<p><strong>Le visuel est la&nbsp;premi\u00e8re impression&nbsp;que votre audience per\u00e7oit. Un bon design attire l\u2019\u0153il et incite \u00e0 l\u2019interaction. Des publications bien pens\u00e9es augmentent votre taux d\u2019engagement et renforcent votre image de marque.<\/strong><\/p>\n\n\n\n<p class=\"has-text-align-center has-medium-font-size\"><strong>\u200bUn contenu qui marque, c\u2019est une image qui capte + un message qui accroche.<br>Boostez votre impact <\/strong><\/p>\n\n\n\n<div class=\"wp-block-uagb-buttons uagb-buttons__outer-wrap uagb-btn__default-btn uagb-btn-tablet__default-btn uagb-btn-mobile__default-btn uagb-block-7d08d685\"><div class=\"uagb-buttons__wrap uagb-buttons-layout-wrap\">\n<div class=\"wp-block-uagb-buttons-child uagb-buttons__outer-wrap uagb-block-2fed998c wp-block-button\"><div class=\"uagb-button__wrapper\"><a class=\"uagb-buttons-repeater wp-block-button__link\" aria-label=\"\" href=\"https:\/\/socialdigitalstudio.com\/es_es\/contact\/\" rel=\"follow noopener\" target=\"_self\" role=\"button\"><div class=\"uagb-button__link\">CONTACTEZ-MOI<\/div><\/a><\/div><\/div>\n<\/div><\/div>\n<\/div>\n<\/div><\/div>\n\n\n\n<p><\/p>","protected":false},"excerpt":{"rendered":"<p>Cr\u00e9ation de contenu &nbsp; Attirez et engagez votre audience Aujourd\u2019hui, une&nbsp;strat\u00e9gie de contenu efficace&nbsp;est essentielle pour d\u00e9velopper votre visibilit\u00e9 et captiver votre audience. Que ce soit pour votre site web, votre blog ou vos r\u00e9seaux sociaux, chaque publication doit \u00eatre&nbsp;optimis\u00e9e, engageante et align\u00e9e avec votre image de marque. \u200bEn tant que Community Manager, je vous [&hellip;]<\/p>","protected":false},"author":1,"featured_media":0,"parent":0,"menu_order":0,"comment_status":"closed","ping_status":"closed","template":"","meta":{"_uag_custom_page_level_css":"","site-sidebar-layout":"default","site-content-layout":"","ast-site-content-layout":"default","site-content-style":"default","site-sidebar-style":"default","ast-global-header-display":"","ast-banner-title-visibility":"","ast-main-header-display":"","ast-hfb-above-header-display":"","ast-hfb-below-header-display":"","ast-hfb-mobile-header-display":"","site-post-title":"","ast-breadcrumbs-content":"","ast-featured-img":"","footer-sml-layout":"","theme-transparent-header-meta":"","adv-header-id-meta":"","stick-header-meta":"","header-above-stick-meta":"","header-main-stick-meta":"","header-below-stick-meta":"","astra-migrate-meta-layouts":"set","ast-page-background-enabled":"default","ast-page-background-meta":{"desktop":{"background-color":"var(--ast-global-color-4)","background-image":"","background-repeat":"repeat","background-position":"center center","background-size":"auto","background-attachment":"scroll","background-type":"","background-media":"","overlay-type":"","overlay-color":"","overlay-opacity":"","overlay-gradient":""},"tablet":{"background-color":"","background-image":"","background-repeat":"repeat","background-position":"center center","background-size":"auto","background-attachment":"scroll","background-type":"","background-media":"","overlay-type":"","overlay-color":"","overlay-opacity":"","overlay-gradient":""},"mobile":{"background-color":"","background-image":"","background-repeat":"repeat","background-position":"center center","background-size":"auto","background-attachment":"scroll","background-type":"","background-media":"","overlay-type":"","overlay-color":"","overlay-opacity":"","overlay-gradient":""}},"ast-content-background-meta":{"desktop":{"background-color":"var(--ast-global-color-5)","background-image":"","background-repeat":"repeat","background-position":"center center","background-size":"auto","background-attachment":"scroll","background-type":"","background-media":"","overlay-type":"","overlay-color":"","overlay-opacity":"","overlay-gradient":""},"tablet":{"background-color":"var(--ast-global-color-5)","background-image":"","background-repeat":"repeat","background-position":"center center","background-size":"auto","background-attachment":"scroll","background-type":"","background-media":"","overlay-type":"","overlay-color":"","overlay-opacity":"","overlay-gradient":""},"mobile":{"background-color":"var(--ast-global-color-5)","background-image":"","background-repeat":"repeat","background-position":"center center","background-size":"auto","background-attachment":"scroll","background-type":"","background-media":"","overlay-type":"","overlay-color":"","overlay-opacity":"","overlay-gradient":""}},"footnotes":""},"class_list":["post-666","page","type-page","status-publish","hentry"],"aioseo_notices":[],"uagb_featured_image_src":{"full":false,"thumbnail":false,"medium":false,"medium_large":false,"large":false,"1536x1536":false,"2048x2048":false,"trp-custom-language-flag":false},"uagb_author_info":{"display_name":"anaipadillag@gmail.com","author_link":"https:\/\/socialdigitalstudio.com\/es_es\/author\/anaipadillaggmail-com\/"},"uagb_comment_info":0,"uagb_excerpt":"Cr\u00e9ation de contenu &nbsp; Attirez et engagez votre audience Aujourd\u2019hui, une&nbsp;strat\u00e9gie de contenu efficace&nbsp;est essentielle pour d\u00e9velopper votre visibilit\u00e9 et captiver votre audience. Que ce soit pour votre site web, votre blog ou vos r\u00e9seaux sociaux, chaque publication doit \u00eatre&nbsp;optimis\u00e9e, engageante et align\u00e9e avec votre image de marque. \u200bEn tant que Community Manager, je vous&hellip;","_links":{"self":[{"href":"https:\/\/socialdigitalstudio.com\/es_es\/wp-json\/wp\/v2\/pages\/666","targetHints":{"allow":["GET"]}}],"collection":[{"href":"https:\/\/socialdigitalstudio.com\/es_es\/wp-json\/wp\/v2\/pages"}],"about":[{"href":"https:\/\/socialdigitalstudio.com\/es_es\/wp-json\/wp\/v2\/types\/page"}],"author":[{"embeddable":true,"href":"https:\/\/socialdigitalstudio.com\/es_es\/wp-json\/wp\/v2\/users\/1"}],"replies":[{"embeddable":true,"href":"https:\/\/socialdigitalstudio.com\/es_es\/wp-json\/wp\/v2\/comments?post=666"}],"version-history":[{"count":13,"href":"https:\/\/socialdigitalstudio.com\/es_es\/wp-json\/wp\/v2\/pages\/666\/revisions"}],"predecessor-version":[{"id":1166,"href":"https:\/\/socialdigitalstudio.com\/es_es\/wp-json\/wp\/v2\/pages\/666\/revisions\/1166"}],"wp:attachment":[{"href":"https:\/\/socialdigitalstudio.com\/es_es\/wp-json\/wp\/v2\/media?parent=666"}],"curies":[{"name":"wp","href":"https:\/\/api.w.org\/{rel}","templated":true}]}}