{"id":646,"date":"2025-06-16T12:14:58","date_gmt":"2025-06-16T12:14:58","guid":{"rendered":"https:\/\/socialdigitalstudio.com\/?page_id=646"},"modified":"2025-09-15T09:45:09","modified_gmt":"2025-09-15T09:45:09","slug":"audit-strategie","status":"publish","type":"page","link":"https:\/\/socialdigitalstudio.com\/es_es\/services\/audit-strategie\/","title":{"rendered":"Audit &#038; Strat\u00e9gie"},"content":{"rendered":"<div class=\"wp-block-uagb-container uagb-block-d0d05c51 alignfull uagb-is-root-container\"><div class=\"uagb-container-inner-blocks-wrap\">\n<div class=\"wp-block-uagb-container uagb-block-6f9e1252\">\n<div class=\"wp-block-uagb-image uagb-block-61f9e6c0 wp-block-uagb-image--layout-default wp-block-uagb-image--effect-static wp-block-uagb-image--align-none\"><figure class=\"wp-block-uagb-image__figure\"><img loading=\"lazy\" decoding=\"async\" srcset=\"https:\/\/socialdigitalstudio.com\/wp-content\/uploads\/2025\/06\/Designer_b.webp ,https:\/\/socialdigitalstudio.com\/wp-content\/uploads\/2025\/06\/Designer_b.webp 780w, https:\/\/socialdigitalstudio.com\/wp-content\/uploads\/2025\/06\/Designer_b.webp 360w\" sizes=\"auto, (max-width: 480px) 150px\" src=\"https:\/\/socialdigitalstudio.com\/wp-content\/uploads\/2025\/06\/Designer_b.webp\" alt=\"\" class=\"uag-image-635\" width=\"1024\" height=\"1024\" title=\"Designer_b\" role=\"img\"\/><\/figure><\/div>\n<\/div>\n\n\n\n<div class=\"wp-block-uagb-container uagb-block-7ac53896\">\n<h3 class=\"wp-block-heading has-text-align-center has-ast-global-color-1-color has-text-color has-link-color wp-elements-092bfd75a68294804047099f40b12c99\"><strong>Audit de vos r\u00e9seaux sociaux<\/strong><\/h3>\n\n\n\n<p class=\"has-text-align-center has-medium-font-size\">L\u2019audit de vos r\u00e9seaux sociaux permet d\u2019analyser pr\u00e9cis\u00e9ment ce qui fonctionne dans votre strat\u00e9gie digitale\u2026 et ce qui m\u00e9rite d\u2019\u00eatre optimis\u00e9.<\/p>\n\n\n\n<p class=\"has-text-align-center has-medium-font-size\"><br>Gr\u00e2ce \u00e0 un diagnostic complet, j\u2019identifie vos points forts ainsi que les axes d\u2019am\u00e9lioration afin de poser les bases d\u2019une pr\u00e9sence en ligne plus coh\u00e9rente et performante.<\/p>\n\n\n\n<p class=\"has-text-align-center has-ast-global-color-0-color has-ast-global-color-1-background-color has-text-color has-background has-link-color has-medium-font-size wp-elements-5e5da57ad78ff1bba14484af37eecf43\" style=\"border-style:none;border-width:0px;border-radius:20px;font-style:normal;font-weight:1000\"><strong>L\u2019objectif : mettre vos r\u00e9seaux sociaux au service de vos ambitions  et renforcer votre notori\u00e9t\u00e9, g\u00e9n\u00e9rer plus de trafic qualifi\u00e9, valoriser votre univers visuel ou attirer de nouveaux clients.<\/strong><\/p>\n\n\n\n<p class=\"has-text-align-center has-medium-font-size\"><strong>Un audit bien men\u00e9 vous aide \u00e0 mieux comprendre l\u2019impact d\u2019une gestion strat\u00e9gique et professionnelle de vos r\u00e9seaux.<\/strong><\/p>\n\n\n\n<div class=\"wp-block-uagb-buttons uagb-buttons__outer-wrap uagb-btn__default-btn uagb-btn-tablet__default-btn uagb-btn-mobile__default-btn uagb-block-c15dbc84\"><div class=\"uagb-buttons__wrap uagb-buttons-layout-wrap\">\n<div class=\"wp-block-uagb-buttons-child uagb-buttons__outer-wrap uagb-block-36bb097a wp-block-button\"><div class=\"uagb-button__wrapper\"><a class=\"uagb-buttons-repeater wp-block-button__link\" aria-label=\"\" href=\"https:\/\/socialdigitalstudio.com\/es_es\/contact\/\" rel=\"follow noopener\" target=\"_self\" role=\"button\"><div class=\"uagb-button__link\">CONTACTEZ-MOI<\/div><\/a><\/div><\/div>\n<\/div><\/div>\n<\/div>\n<\/div><\/div>\n\n\n\n<p><\/p>","protected":false},"excerpt":{"rendered":"<p>Audit de vos r\u00e9seaux sociaux L\u2019audit de vos r\u00e9seaux sociaux permet d\u2019analyser pr\u00e9cis\u00e9ment ce qui fonctionne dans votre strat\u00e9gie digitale\u2026 et ce qui m\u00e9rite d\u2019\u00eatre optimis\u00e9. Gr\u00e2ce \u00e0 un diagnostic complet, j\u2019identifie vos points forts ainsi que les axes d\u2019am\u00e9lioration afin de poser les bases d\u2019une pr\u00e9sence en ligne plus coh\u00e9rente et performante. L\u2019objectif : [&hellip;]<\/p>","protected":false},"author":1,"featured_media":0,"parent":312,"menu_order":0,"comment_status":"closed","ping_status":"closed","template":"","meta":{"_uag_custom_page_level_css":"","site-sidebar-layout":"default","site-content-layout":"","ast-site-content-layout":"default","site-content-style":"default","site-sidebar-style":"default","ast-global-header-display":"","ast-banner-title-visibility":"","ast-main-header-display":"","ast-hfb-above-header-display":"","ast-hfb-below-header-display":"","ast-hfb-mobile-header-display":"","site-post-title":"","ast-breadcrumbs-content":"","ast-featured-img":"","footer-sml-layout":"","theme-transparent-header-meta":"","adv-header-id-meta":"","stick-header-meta":"","header-above-stick-meta":"","header-main-stick-meta":"","header-below-stick-meta":"","astra-migrate-meta-layouts":"set","ast-page-background-enabled":"default","ast-page-background-meta":{"desktop":{"background-color":"var(--ast-global-color-4)","background-image":"","background-repeat":"repeat","background-position":"center center","background-size":"auto","background-attachment":"scroll","background-type":"","background-media":"","overlay-type":"","overlay-color":"","overlay-opacity":"","overlay-gradient":""},"tablet":{"background-color":"","background-image":"","background-repeat":"repeat","background-position":"center center","background-size":"auto","background-attachment":"scroll","background-type":"","background-media":"","overlay-type":"","overlay-color":"","overlay-opacity":"","overlay-gradient":""},"mobile":{"background-color":"","background-image":"","background-repeat":"repeat","background-position":"center center","background-size":"auto","background-attachment":"scroll","background-type":"","background-media":"","overlay-type":"","overlay-color":"","overlay-opacity":"","overlay-gradient":""}},"ast-content-background-meta":{"desktop":{"background-color":"var(--ast-global-color-5)","background-image":"","background-repeat":"repeat","background-position":"center center","background-size":"auto","background-attachment":"scroll","background-type":"","background-media":"","overlay-type":"","overlay-color":"","overlay-opacity":"","overlay-gradient":""},"tablet":{"background-color":"var(--ast-global-color-5)","background-image":"","background-repeat":"repeat","background-position":"center center","background-size":"auto","background-attachment":"scroll","background-type":"","background-media":"","overlay-type":"","overlay-color":"","overlay-opacity":"","overlay-gradient":""},"mobile":{"background-color":"var(--ast-global-color-5)","background-image":"","background-repeat":"repeat","background-position":"center center","background-size":"auto","background-attachment":"scroll","background-type":"","background-media":"","overlay-type":"","overlay-color":"","overlay-opacity":"","overlay-gradient":""}},"footnotes":""},"class_list":["post-646","page","type-page","status-publish","hentry"],"aioseo_notices":[],"uagb_featured_image_src":{"full":false,"thumbnail":false,"medium":false,"medium_large":false,"large":false,"1536x1536":false,"2048x2048":false,"trp-custom-language-flag":false},"uagb_author_info":{"display_name":"anaipadillag@gmail.com","author_link":"https:\/\/socialdigitalstudio.com\/es_es\/author\/anaipadillaggmail-com\/"},"uagb_comment_info":0,"uagb_excerpt":"Audit de vos r\u00e9seaux sociaux L\u2019audit de vos r\u00e9seaux sociaux permet d\u2019analyser pr\u00e9cis\u00e9ment ce qui fonctionne dans votre strat\u00e9gie digitale\u2026 et ce qui m\u00e9rite d\u2019\u00eatre optimis\u00e9. Gr\u00e2ce \u00e0 un diagnostic complet, j\u2019identifie vos points forts ainsi que les axes d\u2019am\u00e9lioration afin de poser les bases d\u2019une pr\u00e9sence en ligne plus coh\u00e9rente et performante. L\u2019objectif :&hellip;","_links":{"self":[{"href":"https:\/\/socialdigitalstudio.com\/es_es\/wp-json\/wp\/v2\/pages\/646","targetHints":{"allow":["GET"]}}],"collection":[{"href":"https:\/\/socialdigitalstudio.com\/es_es\/wp-json\/wp\/v2\/pages"}],"about":[{"href":"https:\/\/socialdigitalstudio.com\/es_es\/wp-json\/wp\/v2\/types\/page"}],"author":[{"embeddable":true,"href":"https:\/\/socialdigitalstudio.com\/es_es\/wp-json\/wp\/v2\/users\/1"}],"replies":[{"embeddable":true,"href":"https:\/\/socialdigitalstudio.com\/es_es\/wp-json\/wp\/v2\/comments?post=646"}],"version-history":[{"count":8,"href":"https:\/\/socialdigitalstudio.com\/es_es\/wp-json\/wp\/v2\/pages\/646\/revisions"}],"predecessor-version":[{"id":1165,"href":"https:\/\/socialdigitalstudio.com\/es_es\/wp-json\/wp\/v2\/pages\/646\/revisions\/1165"}],"up":[{"embeddable":true,"href":"https:\/\/socialdigitalstudio.com\/es_es\/wp-json\/wp\/v2\/pages\/312"}],"wp:attachment":[{"href":"https:\/\/socialdigitalstudio.com\/es_es\/wp-json\/wp\/v2\/media?parent=646"}],"curies":[{"name":"wp","href":"https:\/\/api.w.org\/{rel}","templated":true}]}}