{"id":312,"date":"2025-06-12T12:07:59","date_gmt":"2025-06-12T12:07:59","guid":{"rendered":"http:\/\/socialdigitalstudio.com\/services\/"},"modified":"2025-09-15T09:41:55","modified_gmt":"2025-09-15T09:41:55","slug":"services","status":"publish","type":"page","link":"https:\/\/socialdigitalstudio.com\/es_es\/services\/","title":{"rendered":"Services"},"content":{"rendered":"<div class=\"wp-block-uagb-container uagb-block-30d7bc21 alignfull uagb-is-root-container\"><div class=\"uagb-container-inner-blocks-wrap\">\n<div class=\"wp-block-uagb-advanced-heading uagb-block-1a286152\"><\/div>\n\n\n\n<div class=\"wp-block-uagb-advanced-heading uagb-block-cd14e455\"><h1 class=\"uagb-heading-text\"><strong>Comment puis-je vous aider ? ?<\/strong><\/h1><\/div>\n<\/div><\/div>\n\n\n\n<div class=\"wp-block-uagb-advanced-heading uagb-block-d0ea1671\"><h3 class=\"uagb-heading-text\"><strong>Gestion compl\u00e8te de vos r\u00e9seaux sociaux avec une strat\u00e9gie sur mesure<\/strong><\/h3><\/div>\n\n\n\n<div class=\"wp-block-uagb-container uagb-block-17033bdb alignfull uagb-is-root-container\"><div class=\"uagb-container-inner-blocks-wrap\">\n<div class=\"wp-block-uagb-container uagb-block-ee678c3e\">\n<div class=\"wp-block-uagb-advanced-heading uagb-block-630de678\"><h3 class=\"uagb-heading-text\">1.\u00c9tude<\/h3><\/div>\n\n\n\n<p><strong>Analyse et \u00e9tude<\/strong> : Nous \u00e9valuons votre concurrence, d\u00e9finissons votre client id\u00e9al ainsi que le territoire \u00e9motionnel de votre marque, afin de cr\u00e9er des contenus capables d\u2019\u00e9tablir une v\u00e9ritable connexion.<\/p>\n<\/div>\n\n\n\n<div class=\"wp-block-uagb-container uagb-block-fb10737f\">\n<div class=\"wp-block-uagb-advanced-heading uagb-block-d705a2db\"><h3 class=\"uagb-heading-text\">2.Segmentation<\/h3><\/div>\n\n\n\n<p><strong>Segmentation<\/strong> : Nous s\u00e9lectionnons les r\u00e9seaux sociaux les plus pertinents pour votre marque et identifions les communaut\u00e9s cl\u00e9s afin de maximiser votre impact.<\/p>\n<\/div>\n\n\n\n<div class=\"wp-block-uagb-container uagb-block-8f5f5a60\">\n<div class=\"wp-block-uagb-advanced-heading uagb-block-00cf41da\"><h3 class=\"uagb-heading-text\">3.Timing<\/h3><\/div>\n\n\n\n<p><strong>Timing et calendrier \u00e9ditorial<\/strong> : Nous planifions la fr\u00e9quence et les horaires de publication optimaux, en organisant les contenus mensuels pour maintenir coh\u00e9rence et constance.<\/p>\n<\/div>\n\n\n\n<div class=\"wp-block-uagb-container uagb-block-9a7c3b06\">\n<div class=\"wp-block-uagb-advanced-heading uagb-block-e39a8a8a\"><h3 class=\"uagb-heading-text\">4.Mise en \u0153uvre<\/h3><\/div>\n\n\n\n<p><strong>Mise en \u0153uvre <\/strong>: nous ex\u00e9cutons la strat\u00e9gie en mobilisant les bons outils et notre expertise pour vous d\u00e9marquer sur chaque r\u00e9seau social et renforcer la connexion avec votre audience.<\/p>\n<\/div>\n<\/div><\/div>\n\n\n\n<div class=\"wp-block-uagb-container uagb-block-72d69130 alignfull uagb-is-root-container\"><div class=\"uagb-container-inner-blocks-wrap\">\n<div class=\"wp-block-uagb-container uagb-block-85a2ad0a\">\n<div class=\"wp-block-uagb-advanced-heading uagb-block-86edcf65\"><h3 class=\"uagb-heading-text\">5.Mesure<\/h3><\/div>\n\n\n\n<p><strong>Mesure des r\u00e9sultats<\/strong> : Nous mesurons les r\u00e9sultats en analysant les performances \u00e0 partir de donn\u00e9es concr\u00e8tes, afin d\u2019optimiser et d\u2019am\u00e9liorer votre strat\u00e9gie.<\/p>\n<\/div>\n\n\n\n<div class=\"wp-block-uagb-container uagb-block-8368532a\">\n<div class=\"wp-block-uagb-advanced-heading uagb-block-628ad437\"><h3 class=\"uagb-heading-text\">6.Croissance<\/h3><\/div>\n\n\n\n<p><strong>Croissance organique<\/strong> : Nous d\u00e9veloppons votre audience en attirant de nouveaux abonn\u00e9s gr\u00e2ce \u00e0 un contenu de qualit\u00e9 et une pr\u00e9sence active, tout en renfor\u00e7ant l\u2019engagement de votre communaut\u00e9.<\/p>\n<\/div>\n\n\n\n<div class=\"wp-block-uagb-container uagb-block-0b93fec9\">\n<div class=\"wp-block-uagb-advanced-heading uagb-block-a1135ebe\"><h3 class=\"uagb-heading-text\">7.Amplification<\/h3><\/div>\n\n\n\n<p><strong>Amplification<\/strong> : Nous augmentons votre visibilit\u00e9 en mettant en place des collaborations cibl\u00e9es et en utilisant strat\u00e9giquement des hashtags populaires.<\/p>\n<\/div>\n\n\n\n<div class=\"wp-block-uagb-container uagb-block-d6233317\">\n<div class=\"wp-block-uagb-advanced-heading uagb-block-ce61df07\"><h3 class=\"uagb-heading-text\">8.Service client<\/h3><\/div>\n\n\n\n<p><strong>Service client et communication<\/strong> : Nous assurons une gestion r\u00e9active et empathique de votre communaut\u00e9, en fournissant des r\u00e9ponses rapides et pertinentes.<\/p>\n<\/div>\n<\/div><\/div>\n\n\n\n<div class=\"wp-block-uagb-container uagb-block-254b1416 alignwide uagb-is-root-container\">\n<div class=\"wp-block-uagb-container uagb-block-323af66b\">\n<div class=\"wp-block-uagb-container uagb-block-776a162c\">\n<div class=\"wp-block-uagb-image uagb-block-dea90d35 wp-block-uagb-image--layout-default wp-block-uagb-image--effect-static wp-block-uagb-image--align-none\"><figure class=\"wp-block-uagb-image__figure\"><img loading=\"lazy\" decoding=\"async\" srcset=\"https:\/\/socialdigitalstudio.com\/wp-content\/uploads\/2025\/06\/20411152595_33e6bab439_o-1024x678.jpg ,https:\/\/socialdigitalstudio.com\/wp-content\/uploads\/2025\/06\/20411152595_33e6bab439_o.jpg 780w, https:\/\/socialdigitalstudio.com\/wp-content\/uploads\/2025\/06\/20411152595_33e6bab439_o.jpg 360w\" sizes=\"auto, (max-width: 480px) 150px\" src=\"https:\/\/socialdigitalstudio.com\/wp-content\/uploads\/2025\/06\/20411152595_33e6bab439_o-1024x678.jpg\" alt=\"\" class=\"uag-image-471\" width=\"212\" height=\"140\" title=\"20411152595_33e6bab439_o\" role=\"img\"\/><\/figure><\/div>\n<\/div>\n\n\n\n<p class=\"has-text-align-center has-medium-font-size\"><strong>Audit &amp; Strat\u00e9gie<\/strong><\/p>\n\n\n\n<div class=\"wp-block-uagb-buttons uagb-buttons__outer-wrap uagb-btn__default-btn uagb-btn-tablet__default-btn uagb-btn-mobile__default-btn uagb-block-1dc0d58f\"><div class=\"uagb-buttons__wrap uagb-buttons-layout-wrap\">\n<div class=\"wp-block-uagb-buttons-child uagb-buttons__outer-wrap uagb-block-5006053f wp-block-button\"><div class=\"uagb-button__wrapper\"><a class=\"uagb-buttons-repeater wp-block-button__link\" aria-label=\"\" href=\"https:\/\/socialdigitalstudio.com\/es_es\/services\/audit-strategie\/\" rel=\"follow noopener\" target=\"_self\" role=\"button\"><div class=\"uagb-button__link\">eN SAVOIR PLUS<\/div><\/a><\/div><\/div>\n<\/div><\/div>\n<\/div>\n\n\n\n<div class=\"wp-block-uagb-container uagb-block-6b96cd67\">\n<div class=\"wp-block-uagb-image uagb-block-383a0a87 wp-block-uagb-image--layout-default wp-block-uagb-image--effect-static wp-block-uagb-image--align-none\"><figure class=\"wp-block-uagb-image__figure\"><img loading=\"lazy\" decoding=\"async\" srcset=\"https:\/\/socialdigitalstudio.com\/wp-content\/uploads\/2025\/06\/oficina-sin-personas_b.webp ,https:\/\/socialdigitalstudio.com\/wp-content\/uploads\/2025\/06\/oficina-sin-personas_b.webp 780w, https:\/\/socialdigitalstudio.com\/wp-content\/uploads\/2025\/06\/oficina-sin-personas_b.webp 360w\" sizes=\"auto, (max-width: 480px) 150px\" src=\"https:\/\/socialdigitalstudio.com\/wp-content\/uploads\/2025\/06\/oficina-sin-personas_b.webp\" alt=\"\" class=\"uag-image-634\" width=\"167\" height=\"167\" title=\"oficina sin personas_b\" role=\"img\"\/><\/figure><\/div>\n\n\n\n<p class=\"has-text-align-center has-medium-font-size\"><strong>Cr\u00e9ation de contenu<\/strong><\/p>\n\n\n\n<div class=\"wp-block-uagb-buttons uagb-buttons__outer-wrap uagb-btn__default-btn uagb-btn-tablet__default-btn uagb-btn-mobile__default-btn uagb-block-5bad07f8\"><div class=\"uagb-buttons__wrap uagb-buttons-layout-wrap\">\n<div class=\"wp-block-uagb-buttons-child uagb-buttons__outer-wrap uagb-block-90ce7029 wp-block-button\"><div class=\"uagb-button__wrapper\"><a class=\"uagb-buttons-repeater wp-block-button__link\" aria-label=\"\" href=\"https:\/\/socialdigitalstudio.com\/es_es\/creation-de-contenu\/\" rel=\"follow noopener\" target=\"_self\" role=\"button\"><div class=\"uagb-button__link\">EN SAVOIR PLUS<\/div><\/a><\/div><\/div>\n<\/div><\/div>\n<\/div>\n\n\n\n<div class=\"wp-block-uagb-container uagb-block-21066534\">\n<div class=\"wp-block-uagb-image uagb-block-f16d57b3 wp-block-uagb-image--layout-default wp-block-uagb-image--effect-static wp-block-uagb-image--align-none\"><figure class=\"wp-block-uagb-image__figure\"><img loading=\"lazy\" decoding=\"async\" srcset=\"https:\/\/socialdigitalstudio.com\/wp-content\/uploads\/2025\/06\/oficina-sin-personas_a.webp ,https:\/\/socialdigitalstudio.com\/wp-content\/uploads\/2025\/06\/oficina-sin-personas_a.webp 780w, https:\/\/socialdigitalstudio.com\/wp-content\/uploads\/2025\/06\/oficina-sin-personas_a.webp 360w\" sizes=\"auto, (max-width: 480px) 150px\" src=\"https:\/\/socialdigitalstudio.com\/wp-content\/uploads\/2025\/06\/oficina-sin-personas_a.webp\" alt=\"\" class=\"uag-image-633\" width=\"167\" height=\"167\" title=\"oficina sin personas_a\" role=\"img\"\/><\/figure><\/div>\n\n\n\n<p class=\"has-text-align-center\" style=\"font-size:19px\"><strong>Animation de communaut\u00e9<\/strong><\/p>\n\n\n\n<div class=\"wp-block-uagb-buttons uagb-buttons__outer-wrap uagb-btn__default-btn uagb-btn-tablet__default-btn uagb-btn-mobile__default-btn uagb-block-c36e949a\"><div class=\"uagb-buttons__wrap uagb-buttons-layout-wrap\">\n<div class=\"wp-block-uagb-buttons-child uagb-buttons__outer-wrap uagb-block-1d2498cf wp-block-button\"><div class=\"uagb-button__wrapper\"><a class=\"uagb-buttons-repeater wp-block-button__link\" aria-label=\"\" href=\"https:\/\/socialdigitalstudio.com\/es_es\/animation-de-communaute\/\" rel=\"follow noopener\" target=\"_self\" role=\"button\"><div class=\"uagb-button__link\">EN SAVOIR PLUS<\/div><\/a><\/div><\/div>\n<\/div><\/div>\n<\/div>\n<\/div>\n\n\n\n<p><\/p>\n\n\n\n<div class=\"wp-block-uagb-container uagb-block-1981e815 alignfull uagb-is-root-container\"><div class=\"uagb-container-inner-blocks-wrap\">\n<div class=\"wp-block-uagb-container uagb-block-53404096\">\n<div class=\"wp-block-uagb-advanced-heading uagb-block-b5b2470e\"><h4 class=\"uagb-heading-text\"><strong>Comment allons-nous travailler ensemble ?<\/strong><\/h4><\/div>\n\n\n\n<p>Voici le processus que je vous propose pour d\u00e9velopper votre pr\u00e9sence sur les r\u00e9seaux sociaux :<\/p>\n\n\n\n<ol class=\"wp-block-list\">\n<li><strong>Premier rendez-vous (gratuit) :<\/strong> Nous faisons connaissance, vous me parlez de votre projet, de vos objectifs et de vos besoins.<\/li>\n\n\n\n<li><strong>Deuxi\u00e8me rendez-vous (\u00e9galement gratuit) :<\/strong> Je vous pr\u00e9sente une proposition strat\u00e9gique personnalis\u00e9e. Nous la passons en revue ensemble et l\u2019ajustons si n\u00e9cessaire.<\/li>\n\n\n\n<li><strong>Validation :<\/strong> Si la proposition vous convient, vous la validez et nous passons \u00e0 l\u2019\u00e9tape suivante.<\/li>\n\n\n\n<li><strong>Planification :<\/strong> Nous organisons ensemble le premier mois de travail. Une fois tout bien d\u00e9fini\u2026 je me mets au travail !<\/li>\n\n\n\n<li><strong>Suivi mensuel :<\/strong> \u00c0 la fin de chaque mois, je vous remets un rapport avec les r\u00e9sultats et les statistiques. Nous l\u2019analysons ensemble et ajustons le plan pour le mois suivant.<\/li>\n<\/ol>\n<\/div>\n\n\n\n<div class=\"wp-block-uagb-container uagb-block-60d229c9\">\n<figure class=\"wp-block-image size-large\"><img fetchpriority=\"high\" decoding=\"async\" width=\"1024\" height=\"683\" src=\"http:\/\/socialdigitalstudio.com\/wp-content\/uploads\/2025\/07\/pexels-photo-572056-572056-1024x683.webp\" alt=\"A clean, contemporary workspace featuring a desktop with analytics on the screen and plants for a fresh look.\" class=\"wp-image-1142\" srcset=\"https:\/\/socialdigitalstudio.com\/wp-content\/uploads\/2025\/07\/pexels-photo-572056-572056-1024x683.webp 1024w, https:\/\/socialdigitalstudio.com\/wp-content\/uploads\/2025\/07\/pexels-photo-572056-572056-300x200.webp 300w, https:\/\/socialdigitalstudio.com\/wp-content\/uploads\/2025\/07\/pexels-photo-572056-572056-768x512.webp 768w, https:\/\/socialdigitalstudio.com\/wp-content\/uploads\/2025\/07\/pexels-photo-572056-572056-1536x1025.webp 1536w, https:\/\/socialdigitalstudio.com\/wp-content\/uploads\/2025\/07\/pexels-photo-572056-572056-scaled.webp 1920w, https:\/\/socialdigitalstudio.com\/wp-content\/uploads\/2025\/07\/pexels-photo-572056-572056-18x12.webp 18w\" sizes=\"(max-width: 1024px) 100vw, 1024px\" \/><\/figure>\n<\/div>\n<\/div><\/div>\n\n\n\n<div class=\"wp-block-uagb-container uagb-block-ea2ff957 alignfull uagb-is-root-container\"><div class=\"uagb-container-inner-blocks-wrap\">\n<div class=\"wp-block-uagb-container uagb-block-881e6d4a\"><style id=\"wpforms-css-vars-801-block-4c3b0b37-d91a-4dd4-b52a-99821b6b3493\">\n\t\t\t\t#wpforms-801.wpforms-block-4c3b0b37-d91a-4dd4-b52a-99821b6b3493 {\n\t\t\t\t--wpforms-button-border-radius: 30px;\n--wpforms-button-background-color: var(--ast-global-color-0);\n--wpforms-field-size-input-height: 43px;\n--wpforms-field-size-input-spacing: 15px;\n--wpforms-field-size-font-size: 16px;\n--wpforms-field-size-line-height: 19px;\n--wpforms-field-size-padding-h: 14px;\n--wpforms-field-size-checkbox-size: 16px;\n--wpforms-field-size-sublabel-spacing: 5px;\n--wpforms-field-size-icon-size: 1;\n--wpforms-label-size-font-size: 16px;\n--wpforms-label-size-line-height: 19px;\n--wpforms-label-size-sublabel-font-size: 14px;\n--wpforms-label-size-sublabel-line-height: 17px;\n--wpforms-button-size-font-size: 17px;\n--wpforms-button-size-height: 41px;\n--wpforms-button-size-padding-h: 15px;\n--wpforms-button-size-margin-top: 10px;\n\t\t\t}\n\t\t\t<\/style><div class=\"wpforms-container wpforms-container-full wpforms-block wpforms-block-4c3b0b37-d91a-4dd4-b52a-99821b6b3493 wpforms-render-modern\" id=\"wpforms-801\"><form id=\"wpforms-form-801\" class=\"wpforms-validate wpforms-form wpforms-ajax-form\" data-formid=\"801\" method=\"post\" enctype=\"multipart\/form-data\" action=\"\/es_es\/wp-json\/wp\/v2\/pages\/312\" data-token=\"38d7af01f4e8223c1572697e3b7a83d1\" data-token-time=\"1776429427\" data-trp-original-action=\"\/es_es\/wp-json\/wp\/v2\/pages\/312\"><noscript class=\"wpforms-error-noscript\">Por favor, activa JavaScript en tu navegador para completar este formulario.<\/noscript><div id=\"wpforms-error-noscript\" style=\"display: none;\">Por favor, activa JavaScript en tu navegador para completar este formulario.<\/div><div class=\"wpforms-field-container\">\t\t<div id=\"wpforms-801-field_4-container\"\n\t\t\tclass=\"wpforms-field wpforms-field-text\"\n\t\t\tdata-field-type=\"text\"\n\t\t\tdata-field-id=\"4\"\n\t\t\t>\n\t\t\t<label class=\"wpforms-field-label\" for=\"wpforms-801-field_4\" >et Nom Commentaire<\/label>\n\t\t\t<input type=\"text\" id=\"wpforms-801-field_4\" class=\"wpforms-field-medium\" name=\"wpforms[fields][4]\" >\n\t\t<\/div>\n\t\t<div id=\"wpforms-801-field_1-container\" class=\"wpforms-field wpforms-field-name\" data-field-id=\"1\"><label class=\"wpforms-field-label\" for=\"wpforms-801-field_1\">Nom et prenom <span class=\"wpforms-required-label\" aria-hidden=\"true\">*<\/span><\/label><input type=\"text\" id=\"wpforms-801-field_1\" class=\"wpforms-field-medium wpforms-field-required\" name=\"wpforms[fields][1]\" aria-errormessage=\"wpforms-801-field_1-error\" required><\/div><div id=\"wpforms-801-field_2-container\" class=\"wpforms-field wpforms-field-email\" data-field-id=\"2\"><label class=\"wpforms-field-label\" for=\"wpforms-801-field_2\">email <span class=\"wpforms-required-label\" aria-hidden=\"true\">*<\/span><\/label><input type=\"email\" id=\"wpforms-801-field_2\" class=\"wpforms-field-medium wpforms-field-required\" name=\"wpforms[fields][2]\" spellcheck=\"false\" aria-errormessage=\"wpforms-801-field_2-error\" required><\/div><div id=\"wpforms-801-field_3-container\" class=\"wpforms-field wpforms-field-textarea\" data-field-id=\"3\"><label class=\"wpforms-field-label\" for=\"wpforms-801-field_3\">Commentaire<\/label><textarea id=\"wpforms-801-field_3\" class=\"wpforms-field-medium\" name=\"wpforms[fields][3]\" aria-errormessage=\"wpforms-801-field_3-error\" ><\/textarea><\/div><script>\n\t\t\t\t( function() {\n\t\t\t\t\tconst style = document.createElement( 'style' );\n\t\t\t\t\tstyle.appendChild( document.createTextNode( '#wpforms-801-field_4-container { position: absolute !important; overflow: hidden !important; display: inline !important; height: 1px !important; width: 1px !important; z-index: -1000 !important; padding: 0 !important; } #wpforms-801-field_4-container input { visibility: hidden; } #wpforms-conversational-form-page #wpforms-801-field_4-container label { counter-increment: none; }' ) );\n\t\t\t\t\tdocument.head.appendChild( style );\n\t\t\t\t\tdocument.currentScript?.remove();\n\t\t\t\t} )();\n\t\t\t<\/script><\/div><!-- .wpforms-field-container --><div class=\"wpforms-submit-container\" ><input type=\"hidden\" name=\"wpforms[id]\" value=\"801\"><input type=\"hidden\" name=\"page_title\" value=\"\"><input type=\"hidden\" name=\"page_url\" value=\"https:\/\/socialdigitalstudio.com\/es_es\/wp-json\/wp\/v2\/pages\/312\"><input type=\"hidden\" name=\"url_referer\" value=\"\"><button type=\"submit\" name=\"wpforms[submit]\" id=\"wpforms-submit-801\" class=\"wpforms-submit\" data-alt-text=\"Envoi.....\" data-submit-text=\"Envoyer\" aria-live=\"assertive\" value=\"wpforms-submit\">Envoyer<\/button><img decoding=\"async\" src=\"https:\/\/socialdigitalstudio.com\/wp-content\/plugins\/wpforms-lite\/assets\/images\/submit-spin.svg\" class=\"wpforms-submit-spinner\" style=\"display: none;\" width=\"26\" height=\"26\" alt=\"Cargando\"><\/div><input type=\"hidden\" name=\"trp-form-language\" value=\"es_es\"\/><\/form><\/div>  <!-- .wpforms-container --><\/div>\n<\/div><\/div>","protected":false},"excerpt":{"rendered":"<p>Comment puis-je vous aider ? ? Gestion compl\u00e8te de vos r\u00e9seaux sociaux avec une strat\u00e9gie sur mesure 1.\u00c9tude Analyse et \u00e9tude : Nous \u00e9valuons votre concurrence, d\u00e9finissons votre client id\u00e9al ainsi que le territoire \u00e9motionnel de votre marque, afin de cr\u00e9er des contenus capables d\u2019\u00e9tablir une v\u00e9ritable connexion. 2.Segmentation Segmentation : Nous s\u00e9lectionnons les r\u00e9seaux [&hellip;]<\/p>","protected":false},"author":1,"featured_media":483,"parent":0,"menu_order":0,"comment_status":"closed","ping_status":"closed","template":"","meta":{"_uag_custom_page_level_css":"","site-sidebar-layout":"no-sidebar","site-content-layout":"page-builder","ast-site-content-layout":"full-width-container","site-content-style":"unboxed","site-sidebar-style":"unboxed","ast-global-header-display":"","ast-banner-title-visibility":"","ast-main-header-display":"","ast-hfb-above-header-display":"","ast-hfb-below-header-display":"","ast-hfb-mobile-header-display":"","site-post-title":"disabled","ast-breadcrumbs-content":"","ast-featured-img":"","footer-sml-layout":"","theme-transparent-header-meta":"enabled","adv-header-id-meta":"","stick-header-meta":"","header-above-stick-meta":"","header-main-stick-meta":"","header-below-stick-meta":"","astra-migrate-meta-layouts":"set","ast-page-background-enabled":"default","ast-page-background-meta":{"desktop":{"background-color":"var(--ast-global-color-4)","background-image":"","background-repeat":"repeat","background-position":"center center","background-size":"auto","background-attachment":"scroll","background-type":"","background-media":"","overlay-type":"","overlay-color":"","overlay-opacity":"","overlay-gradient":""},"tablet":{"background-color":"","background-image":"","background-repeat":"repeat","background-position":"center center","background-size":"auto","background-attachment":"scroll","background-type":"","background-media":"","overlay-type":"","overlay-color":"","overlay-opacity":"","overlay-gradient":""},"mobile":{"background-color":"","background-image":"","background-repeat":"repeat","background-position":"center center","background-size":"auto","background-attachment":"scroll","background-type":"","background-media":"","overlay-type":"","overlay-color":"","overlay-opacity":"","overlay-gradient":""}},"ast-content-background-meta":{"desktop":{"background-color":"var(--ast-global-color-5)","background-image":"","background-repeat":"repeat","background-position":"center center","background-size":"auto","background-attachment":"scroll","background-type":"","background-media":"","overlay-type":"","overlay-color":"","overlay-opacity":"","overlay-gradient":""},"tablet":{"background-color":"var(--ast-global-color-5)","background-image":"","background-repeat":"repeat","background-position":"center center","background-size":"auto","background-attachment":"scroll","background-type":"","background-media":"","overlay-type":"","overlay-color":"","overlay-opacity":"","overlay-gradient":""},"mobile":{"background-color":"var(--ast-global-color-5)","background-image":"","background-repeat":"repeat","background-position":"center center","background-size":"auto","background-attachment":"scroll","background-type":"","background-media":"","overlay-type":"","overlay-color":"","overlay-opacity":"","overlay-gradient":""}},"footnotes":""},"class_list":["post-312","page","type-page","status-publish","has-post-thumbnail","hentry"],"aioseo_notices":[],"uagb_featured_image_src":{"full":["https:\/\/socialdigitalstudio.com\/wp-content\/uploads\/2025\/06\/max-harlynking-PGoEi8jL5BA-unsplash-1-scaled.jpg",2560,1707,false],"thumbnail":["https:\/\/socialdigitalstudio.com\/wp-content\/uploads\/2025\/06\/max-harlynking-PGoEi8jL5BA-unsplash-1-150x150.jpg",150,150,true],"medium":["https:\/\/socialdigitalstudio.com\/wp-content\/uploads\/2025\/06\/max-harlynking-PGoEi8jL5BA-unsplash-1-300x200.jpg",300,200,true],"medium_large":["https:\/\/socialdigitalstudio.com\/wp-content\/uploads\/2025\/06\/max-harlynking-PGoEi8jL5BA-unsplash-1-768x512.jpg",768,512,true],"large":["https:\/\/socialdigitalstudio.com\/wp-content\/uploads\/2025\/06\/max-harlynking-PGoEi8jL5BA-unsplash-1-1024x683.jpg",1024,683,true],"1536x1536":["https:\/\/socialdigitalstudio.com\/wp-content\/uploads\/2025\/06\/max-harlynking-PGoEi8jL5BA-unsplash-1-1536x1024.jpg",1536,1024,true],"2048x2048":["https:\/\/socialdigitalstudio.com\/wp-content\/uploads\/2025\/06\/max-harlynking-PGoEi8jL5BA-unsplash-1-2048x1365.jpg",2048,1365,true],"trp-custom-language-flag":["https:\/\/socialdigitalstudio.com\/wp-content\/uploads\/2025\/06\/max-harlynking-PGoEi8jL5BA-unsplash-1-scaled.jpg",18,12,false]},"uagb_author_info":{"display_name":"anaipadillag@gmail.com","author_link":"https:\/\/socialdigitalstudio.com\/es_es\/author\/anaipadillaggmail-com\/"},"uagb_comment_info":0,"uagb_excerpt":"Comment puis-je vous aider ? ? Gestion compl\u00e8te de vos r\u00e9seaux sociaux avec une strat\u00e9gie sur mesure 1.\u00c9tude Analyse et \u00e9tude : Nous \u00e9valuons votre concurrence, d\u00e9finissons votre client id\u00e9al ainsi que le territoire \u00e9motionnel de votre marque, afin de cr\u00e9er des contenus capables d\u2019\u00e9tablir une v\u00e9ritable connexion. 2.Segmentation Segmentation : Nous s\u00e9lectionnons les r\u00e9seaux&hellip;","_links":{"self":[{"href":"https:\/\/socialdigitalstudio.com\/es_es\/wp-json\/wp\/v2\/pages\/312","targetHints":{"allow":["GET"]}}],"collection":[{"href":"https:\/\/socialdigitalstudio.com\/es_es\/wp-json\/wp\/v2\/pages"}],"about":[{"href":"https:\/\/socialdigitalstudio.com\/es_es\/wp-json\/wp\/v2\/types\/page"}],"author":[{"embeddable":true,"href":"https:\/\/socialdigitalstudio.com\/es_es\/wp-json\/wp\/v2\/users\/1"}],"replies":[{"embeddable":true,"href":"https:\/\/socialdigitalstudio.com\/es_es\/wp-json\/wp\/v2\/comments?post=312"}],"version-history":[{"count":65,"href":"https:\/\/socialdigitalstudio.com\/es_es\/wp-json\/wp\/v2\/pages\/312\/revisions"}],"predecessor-version":[{"id":1162,"href":"https:\/\/socialdigitalstudio.com\/es_es\/wp-json\/wp\/v2\/pages\/312\/revisions\/1162"}],"wp:featuredmedia":[{"embeddable":true,"href":"https:\/\/socialdigitalstudio.com\/es_es\/wp-json\/wp\/v2\/media\/483"}],"wp:attachment":[{"href":"https:\/\/socialdigitalstudio.com\/es_es\/wp-json\/wp\/v2\/media?parent=312"}],"curies":[{"name":"wp","href":"https:\/\/api.w.org\/{rel}","templated":true}]}}