{"id":311,"date":"2025-06-12T12:07:59","date_gmt":"2025-06-12T12:07:59","guid":{"rendered":"http:\/\/socialdigitalstudio.com\/about\/"},"modified":"2025-12-10T10:54:32","modified_gmt":"2025-12-10T10:54:32","slug":"about","status":"publish","type":"page","link":"https:\/\/socialdigitalstudio.com\/es_es\/about\/","title":{"rendered":"ADN"},"content":{"rendered":"<div class=\"wp-block-uagb-container uagb-block-9ec7f4b7 alignfull uagb-is-root-container\"><div class=\"uagb-container-inner-blocks-wrap\">\n<p class=\"has-text-align-center has-ast-global-color-3-color has-ast-global-color-5-background-color has-text-color has-background has-link-color has-medium-font-size wp-elements-219efaa31c13e6c3be1cea49f868a278\" style=\"border-radius:20px;margin-right:0;margin-left:0\"><strong>Architecte de formation, je suis devenue community manager sp\u00e9cialis\u00e9e dans l\u2019architecture et le design d\u2019int\u00e9rieur. Gr\u00e2ce \u00e0 ma double expertise cr\u00e9ative et digitale, j\u2019aide les professionnels du secteur \u00e0 valoriser leurs projets et \u00e0 renforcer leur pr\u00e9sence en ligne, avec des contenus sur mesure, esth\u00e9tiques et coh\u00e9rents.<\/strong><\/p>\n\n\n\n<div class=\"wp-block-columns is-layout-flex wp-container-core-columns-is-layout-28f84493 wp-block-columns-is-layout-flex\">\n<div class=\"wp-block-column is-layout-flow wp-block-column-is-layout-flow\" style=\"flex-basis:25%\"><\/div>\n\n\n\n<div class=\"wp-block-column is-layout-flow wp-block-column-is-layout-flow\" style=\"flex-basis:50%\">\n<p class=\"has-text-align-center has-ast-global-color-1-color has-ast-global-color-0-background-color has-text-color has-background has-link-color has-medium-font-size wp-elements-afb6a9f401598aa71304265061385fde\" style=\"border-radius:20px\"><strong>Je privil\u00e9gie une approche humaine et sur mesure : \u00e9coute, souplesse, sens esth\u00e9tique et souci du d\u00e9tail guident chacune de mes collaborations.<\/strong><\/p>\n<\/div>\n\n\n\n<div class=\"wp-block-column is-layout-flow wp-block-column-is-layout-flow\" style=\"flex-basis:25%\"><\/div>\n<\/div>\n\n\n\n<p><\/p>\n\n\n\n<p class=\"has-text-align-center has-ast-global-color-1-color has-ast-global-color-3-background-color has-text-color has-background has-link-color has-medium-font-size wp-elements-ea4122ac6a82e9014169ab162ad74231\" style=\"border-radius:20px\"><strong>Mon ambition est simple : vous permettre de vous concentrer sur votre m\u00e9tier, pendant que je fais rayonner votre univers sur les r\u00e9seaux sociaux.<\/strong><\/p>\n\n\n\n<p class=\"has-text-align-right has-ast-global-color-1-color has-text-color has-link-color has-medium-font-size wp-elements-df451423c9d91ba0878405ad51811d35\"><strong>Ana Padilla<\/strong><\/p>\n<\/div><\/div>\n\n\n\n<div class=\"wp-block-uagb-container uagb-block-79b5c702 alignfull uagb-is-root-container\"><div class=\"uagb-container-inner-blocks-wrap\">\n<div class=\"wp-block-uagb-container uagb-block-b7f85ec7\">\n<p class=\"has-text-align-center has-ast-global-color-1-color has-text-color has-link-color has-medium-font-size wp-elements-942ed7ce630e40d89435be3bcb606f67\"><strong>Pourquoi faire appel \u00e0 un Community Manager ?<\/strong><\/p>\n\n\n\n<p class=\"has-text-align-center has-ast-global-color-1-color has-text-color has-link-color wp-elements-45c87f38ff2686a9cf7976a6bb630c70\"><strong>En tant que Community Manager sp\u00e9cialis\u00e9e dans les secteurs de l\u2019architecture, de l\u2019am\u00e9nagement int\u00e9rieur, de la d\u00e9coration et de l\u2019h\u00f4tellerie, je vous propose un accompagnement personnalis\u00e9, bien loin des solutions g\u00e9n\u00e9riques des agences traditionnelles<\/strong>.<\/p>\n\n\n\n<p class=\"has-text-align-center has-ast-global-color-1-color has-text-color has-link-color has-medium-font-size wp-elements-36f2b346edff6a01b254846c36834520\"><strong>Avec moi, vous b\u00e9n\u00e9ficiez de :<\/strong><\/p>\n\n\n\n<div class=\"wp-block-columns is-layout-flex wp-container-core-columns-is-layout-28f84493 wp-block-columns-is-layout-flex\">\n<div class=\"wp-block-column is-layout-flow wp-block-column-is-layout-flow\">\n<p class=\"has-text-align-center has-ast-global-color-1-color has-text-color has-link-color wp-elements-077a5c92437163ba2a259bd5875645ab\"><strong>Un suivi humain et flexible<\/strong><\/p>\n<\/div>\n\n\n\n<div class=\"wp-block-column is-layout-flow wp-block-column-is-layout-flow\">\n<p class=\"has-ast-global-color-1-color has-text-color has-link-color wp-elements-488352e0bea56185f14c20136c6628e0\"><strong>Une strat\u00e9gie align\u00e9e avec vos objectifs<\/strong><\/p>\n<\/div>\n\n\n\n<div class=\"wp-block-column is-layout-flow wp-block-column-is-layout-flow\">\n<p class=\"has-ast-global-color-1-color has-text-color has-link-color wp-elements-a8162ca1e525391fe62a29f90dfec4a4\"><strong>Une approche adapt\u00e9e \u00e0 votre activit\u00e9 et \u00e0 votre budget<\/strong><\/p>\n<\/div>\n<\/div>\n\n\n\n<div class=\"wp-block-uagb-buttons uagb-buttons__outer-wrap uagb-btn__default-btn uagb-btn-tablet__default-btn uagb-btn-mobile__default-btn uagb-block-ecb8ee89\"><div class=\"uagb-buttons__wrap uagb-buttons-layout-wrap\">\n<div class=\"wp-block-uagb-buttons-child uagb-buttons__outer-wrap uagb-block-f477e6b0 wp-block-button\"><div class=\"uagb-button__wrapper\"><a class=\"uagb-buttons-repeater wp-block-button__link\" aria-label=\"\" href=\"https:\/\/socialdigitalstudio.com\/es_es\/contact\/\" rel=\"follow noopener\" target=\"_self\" role=\"button\"><div class=\"uagb-button__link\">CONTACTEZ-MOI<\/div><\/a><\/div><\/div>\n<\/div><\/div>\n<\/div>\n\n\n\n<div class=\"wp-block-uagb-container uagb-block-3fa97941\">\n<div class=\"wp-block-uagb-image uagb-block-2e35dbe0 wp-block-uagb-image--layout-default wp-block-uagb-image--effect-static wp-block-uagb-image--align-none\"><figure class=\"wp-block-uagb-image__figure\"><img loading=\"lazy\" decoding=\"async\" srcset=\"https:\/\/socialdigitalstudio.com\/wp-content\/uploads\/2025\/06\/ofi_01-1024x683.jpg ,https:\/\/socialdigitalstudio.com\/wp-content\/uploads\/2025\/06\/ofi_01-scaled.jpg 780w, https:\/\/socialdigitalstudio.com\/wp-content\/uploads\/2025\/06\/ofi_01-scaled.jpg 360w\" sizes=\"auto, (max-width: 480px) 150px\" src=\"https:\/\/socialdigitalstudio.com\/wp-content\/uploads\/2025\/06\/ofi_01-1024x683.jpg\" alt=\"\" class=\"uag-image-697\" width=\"265\" height=\"176\" title=\"ofi_01\" role=\"img\"\/><\/figure><\/div>\n<\/div>\n<\/div><\/div>\n\n\n\n<div class=\"wp-block-uagb-container uagb-block-6531b65f alignfull uagb-is-root-container\"><div class=\"uagb-container-inner-blocks-wrap\">\n<div class=\"wp-block-uagb-container uagb-block-771bbdc6\">\n<div class=\"wp-block-uagb-advanced-heading uagb-block-c77450e2\"><\/div>\n\n\n\n<div class=\"wp-block-uagb-advanced-heading uagb-block-ed792903\"><h3 class=\"uagb-heading-text\">Contactez-moi<\/h3><div class=\"uagb-separator\"><\/div><\/div>\n\n\n<div class=\"wpforms-container wpforms-container-full wpforms-block wpforms-block-783796bb-655b-4677-b953-9ad02b6fdb4b wpforms-render-modern\" id=\"wpforms-801\"><form id=\"wpforms-form-801\" class=\"wpforms-validate wpforms-form wpforms-ajax-form\" data-formid=\"801\" method=\"post\" enctype=\"multipart\/form-data\" action=\"\/es_es\/wp-json\/wp\/v2\/pages\/311\" data-token=\"38d7af01f4e8223c1572697e3b7a83d1\" data-token-time=\"1776429465\" data-trp-original-action=\"\/es_es\/wp-json\/wp\/v2\/pages\/311\"><noscript class=\"wpforms-error-noscript\">Por favor, activa JavaScript en tu navegador para completar este formulario.<\/noscript><div id=\"wpforms-error-noscript\" style=\"display: none;\">Por favor, activa JavaScript en tu navegador para completar este formulario.<\/div><div class=\"wpforms-field-container\">\t\t<div id=\"wpforms-801-field_4-container\"\n\t\t\tclass=\"wpforms-field wpforms-field-text\"\n\t\t\tdata-field-type=\"text\"\n\t\t\tdata-field-id=\"4\"\n\t\t\t>\n\t\t\t<label class=\"wpforms-field-label\" for=\"wpforms-801-field_4\" >Commentaire Nom email<\/label>\n\t\t\t<input type=\"text\" id=\"wpforms-801-field_4\" class=\"wpforms-field-medium\" name=\"wpforms[fields][4]\" >\n\t\t<\/div>\n\t\t<div id=\"wpforms-801-field_1-container\" class=\"wpforms-field wpforms-field-name\" data-field-id=\"1\"><label class=\"wpforms-field-label\" for=\"wpforms-801-field_1\">Nom et prenom <span class=\"wpforms-required-label\" aria-hidden=\"true\">*<\/span><\/label><input type=\"text\" id=\"wpforms-801-field_1\" class=\"wpforms-field-medium wpforms-field-required\" name=\"wpforms[fields][1]\" aria-errormessage=\"wpforms-801-field_1-error\" required><\/div><div id=\"wpforms-801-field_2-container\" class=\"wpforms-field wpforms-field-email\" data-field-id=\"2\"><label class=\"wpforms-field-label\" for=\"wpforms-801-field_2\">email <span class=\"wpforms-required-label\" aria-hidden=\"true\">*<\/span><\/label><input type=\"email\" id=\"wpforms-801-field_2\" class=\"wpforms-field-medium wpforms-field-required\" name=\"wpforms[fields][2]\" spellcheck=\"false\" aria-errormessage=\"wpforms-801-field_2-error\" required><\/div><div id=\"wpforms-801-field_3-container\" class=\"wpforms-field wpforms-field-textarea\" data-field-id=\"3\"><label class=\"wpforms-field-label\" for=\"wpforms-801-field_3\">Commentaire<\/label><textarea id=\"wpforms-801-field_3\" class=\"wpforms-field-medium\" name=\"wpforms[fields][3]\" aria-errormessage=\"wpforms-801-field_3-error\" ><\/textarea><\/div><script>\n\t\t\t\t( function() {\n\t\t\t\t\tconst style = document.createElement( 'style' );\n\t\t\t\t\tstyle.appendChild( document.createTextNode( '#wpforms-801-field_4-container { position: absolute !important; overflow: hidden !important; display: inline !important; height: 1px !important; width: 1px !important; z-index: -1000 !important; padding: 0 !important; } #wpforms-801-field_4-container input { visibility: hidden; } #wpforms-conversational-form-page #wpforms-801-field_4-container label { counter-increment: none; }' ) );\n\t\t\t\t\tdocument.head.appendChild( style );\n\t\t\t\t\tdocument.currentScript?.remove();\n\t\t\t\t} )();\n\t\t\t<\/script><\/div><!-- .wpforms-field-container --><div class=\"wpforms-submit-container\" ><input type=\"hidden\" name=\"wpforms[id]\" value=\"801\"><input type=\"hidden\" name=\"page_title\" value=\"\"><input type=\"hidden\" name=\"page_url\" value=\"https:\/\/socialdigitalstudio.com\/es_es\/wp-json\/wp\/v2\/pages\/311\"><input type=\"hidden\" name=\"url_referer\" value=\"\"><button type=\"submit\" name=\"wpforms[submit]\" id=\"wpforms-submit-801\" class=\"wpforms-submit\" data-alt-text=\"Envoi.....\" data-submit-text=\"Envoyer\" aria-live=\"assertive\" value=\"wpforms-submit\">Envoyer<\/button><img decoding=\"async\" src=\"https:\/\/socialdigitalstudio.com\/wp-content\/plugins\/wpforms-lite\/assets\/images\/submit-spin.svg\" class=\"wpforms-submit-spinner\" style=\"display: none;\" width=\"26\" height=\"26\" alt=\"Cargando\"><\/div><input type=\"hidden\" name=\"trp-form-language\" value=\"es_es\"\/><\/form><\/div>  <!-- .wpforms-container --><\/div>\n<\/div><\/div>\n\n\n\n<p><\/p>","protected":false},"excerpt":{"rendered":"<p>Architecte de formation, je suis devenue community manager sp\u00e9cialis\u00e9e dans l\u2019architecture et le design d\u2019int\u00e9rieur. Gr\u00e2ce \u00e0 ma double expertise cr\u00e9ative et digitale, j\u2019aide les professionnels du secteur \u00e0 valoriser leurs projets et \u00e0 renforcer leur pr\u00e9sence en ligne, avec des contenus sur mesure, esth\u00e9tiques et coh\u00e9rents. Je privil\u00e9gie une approche humaine et sur mesure [&hellip;]<\/p>","protected":false},"author":1,"featured_media":0,"parent":0,"menu_order":0,"comment_status":"closed","ping_status":"closed","template":"","meta":{"_uag_custom_page_level_css":"","site-sidebar-layout":"no-sidebar","site-content-layout":"page-builder","ast-site-content-layout":"full-width-container","site-content-style":"unboxed","site-sidebar-style":"unboxed","ast-global-header-display":"","ast-banner-title-visibility":"","ast-main-header-display":"","ast-hfb-above-header-display":"","ast-hfb-below-header-display":"","ast-hfb-mobile-header-display":"","site-post-title":"disabled","ast-breadcrumbs-content":"","ast-featured-img":"","footer-sml-layout":"","theme-transparent-header-meta":"enabled","adv-header-id-meta":"","stick-header-meta":"","header-above-stick-meta":"","header-main-stick-meta":"","header-below-stick-meta":"","astra-migrate-meta-layouts":"set","ast-page-background-enabled":"default","ast-page-background-meta":{"desktop":{"background-color":"var(--ast-global-color-4)","background-image":"","background-repeat":"repeat","background-position":"center center","background-size":"auto","background-attachment":"scroll","background-type":"","background-media":"","overlay-type":"","overlay-color":"","overlay-opacity":"","overlay-gradient":""},"tablet":{"background-color":"","background-image":"","background-repeat":"repeat","background-position":"center center","background-size":"auto","background-attachment":"scroll","background-type":"","background-media":"","overlay-type":"","overlay-color":"","overlay-opacity":"","overlay-gradient":""},"mobile":{"background-color":"","background-image":"","background-repeat":"repeat","background-position":"center center","background-size":"auto","background-attachment":"scroll","background-type":"","background-media":"","overlay-type":"","overlay-color":"","overlay-opacity":"","overlay-gradient":""}},"ast-content-background-meta":{"desktop":{"background-color":"var(--ast-global-color-5)","background-image":"","background-repeat":"repeat","background-position":"center center","background-size":"auto","background-attachment":"scroll","background-type":"","background-media":"","overlay-type":"","overlay-color":"","overlay-opacity":"","overlay-gradient":""},"tablet":{"background-color":"var(--ast-global-color-5)","background-image":"","background-repeat":"repeat","background-position":"center center","background-size":"auto","background-attachment":"scroll","background-type":"","background-media":"","overlay-type":"","overlay-color":"","overlay-opacity":"","overlay-gradient":""},"mobile":{"background-color":"var(--ast-global-color-5)","background-image":"","background-repeat":"repeat","background-position":"center center","background-size":"auto","background-attachment":"scroll","background-type":"","background-media":"","overlay-type":"","overlay-color":"","overlay-opacity":"","overlay-gradient":""}},"footnotes":""},"class_list":["post-311","page","type-page","status-publish","hentry"],"aioseo_notices":[],"uagb_featured_image_src":{"full":false,"thumbnail":false,"medium":false,"medium_large":false,"large":false,"1536x1536":false,"2048x2048":false,"trp-custom-language-flag":false},"uagb_author_info":{"display_name":"anaipadillag@gmail.com","author_link":"https:\/\/socialdigitalstudio.com\/es_es\/author\/anaipadillaggmail-com\/"},"uagb_comment_info":0,"uagb_excerpt":"Architecte de formation, je suis devenue community manager sp\u00e9cialis\u00e9e dans l\u2019architecture et le design d\u2019int\u00e9rieur. Gr\u00e2ce \u00e0 ma double expertise cr\u00e9ative et digitale, j\u2019aide les professionnels du secteur \u00e0 valoriser leurs projets et \u00e0 renforcer leur pr\u00e9sence en ligne, avec des contenus sur mesure, esth\u00e9tiques et coh\u00e9rents. Je privil\u00e9gie une approche humaine et sur mesure&hellip;","_links":{"self":[{"href":"https:\/\/socialdigitalstudio.com\/es_es\/wp-json\/wp\/v2\/pages\/311","targetHints":{"allow":["GET"]}}],"collection":[{"href":"https:\/\/socialdigitalstudio.com\/es_es\/wp-json\/wp\/v2\/pages"}],"about":[{"href":"https:\/\/socialdigitalstudio.com\/es_es\/wp-json\/wp\/v2\/types\/page"}],"author":[{"embeddable":true,"href":"https:\/\/socialdigitalstudio.com\/es_es\/wp-json\/wp\/v2\/users\/1"}],"replies":[{"embeddable":true,"href":"https:\/\/socialdigitalstudio.com\/es_es\/wp-json\/wp\/v2\/comments?post=311"}],"version-history":[{"count":31,"href":"https:\/\/socialdigitalstudio.com\/es_es\/wp-json\/wp\/v2\/pages\/311\/revisions"}],"predecessor-version":[{"id":1214,"href":"https:\/\/socialdigitalstudio.com\/es_es\/wp-json\/wp\/v2\/pages\/311\/revisions\/1214"}],"wp:attachment":[{"href":"https:\/\/socialdigitalstudio.com\/es_es\/wp-json\/wp\/v2\/media?parent=311"}],"curies":[{"name":"wp","href":"https:\/\/api.w.org\/{rel}","templated":true}]}}